{"id":9805,"date":"2018-10-27T11:35:01","date_gmt":"2018-10-27T08:35:01","guid":{"rendered":"https:\/\/vetafashion.com\/?page_id=9805"},"modified":"2021-10-22T13:02:03","modified_gmt":"2021-10-22T10:02:03","slug":"privaatsuspoliitika","status":"publish","type":"page","link":"https:\/\/vetafashion.com\/et\/privaatsuspoliitika\/","title":{"rendered":"Privaatsuspoliitika"},"content":{"rendered":"<p>1. ISIKUANDMETE T\u00d6\u00d6TLEMINE<\/p>\n<p>1.1. Liitudes kliendiprogrammiga, annab klient n\u00f5usoleku oma isikuandmete t\u00f6\u00f6tlemiseks. Vastutavale t\u00f6\u00f6tlejale edastatud isikuandmed on kaitstud ning k\u00e4sitletakse konfidentsiaalse informatsioonina, sh e-poe tellimuste keskkonnas s\u00e4ilitatavad andmed kliendi ja tema tellimuste kohta. Vastutav t\u00f6\u00f6tleja ei avalda talle teatavaks saanud andmeid kolmandatele isikutele.<\/p>\n<p>1.2. Andmeside kliendi ja pankade ning kaardimaksekeskuse vahel on kr\u00fcpteeritud, mis tagab kliendi isikuandmete ja pangarekvisiitide turvalisuse. Andmet\u00f6\u00f6tlejal puudub ligip\u00e4\u00e4s kliendi konfidentsiaalsetele panga- ja maksekaardi rekvisiitidele.<\/p>\n<p>1.3. Isikuandmete t\u00f6\u00f6tlemisel j\u00e4rgitakse Eesti ja Euroopa Liidu \u00f5igusakte.<\/p>\n<p>Muuhulgas t\u00f6\u00f6deldakse isikuandmeid ja kogutakse j\u00e4rgmistel eesm\u00e4rkidel: ostuanal\u00fc\u00fcside tegemiseks, kaupade m\u00fc\u00fcgiks ja teenuste osutamiseks, kliendi lojaalsusprogrammi teenindamiseks. Vastutaval t\u00f6\u00f6tlejal on \u00f5igus teha isikuandmete andmebaasi p\u00e4ringuid, andmeid anal\u00fc\u00fcsida, sorteerida ja teha valimeid.<\/p>\n<p>1.4. Calisto Varahaldur LLC kogub j\u00e4rgmiseid isikuandmeid: nimi, sugu, s\u00fcnnip\u00e4ev, isikukood, telefoninumber, e-mail ja ostuajalugu.\u00a0Calisto Varahaldur LLC kasutavab oma veebilehel k\u00fcpsiseid. (Vaata l\u00e4hemalt <a href=\"https:\/\/vetafashion.com\/et\/kupsisepoliitika\/\">siit<\/a>\u00a0)<\/p>\n<p>1.5. Vastutav andmet\u00f6\u00f6tleja rakendab k\u00f5iki meetmeid, sh infotehnoloogilisi ja organisatoorseid, kogutud isikuandmete kaitsmiseks. Juurdep\u00e4\u00e4s andmete muutmiseks ja t\u00f6\u00f6tlemiseks on ainult selleks volitatud isikutel.<\/p>\n<p>1.6. Vastutav andmet\u00f6\u00f6tleja v\u00f5ib volitada isikuandmeid t\u00f6\u00f6tlema teisi juriidilisi isikuid (volitatud t\u00f6\u00f6tleja) tingimusel, et sellise t\u00f6\u00f6tlejaga on s\u00f5lmitud leping, mille kohaselt volitatud t\u00f6\u00f6tleja on kohustatud hoidma t\u00f6\u00f6deldavad isikuandmed konfidentsiaalsetena ning tagama isikuandmete kaitse vastavalt seaduses s\u00e4testatud n\u00f5uetele. Sellisteks volitatud t\u00f6\u00f6tlejateks on kassatarkvara teenusepakkujad, tarkvaraarenduspartnerid, logistikateenusepakkujad ja turundusteenusepakkujad. Volitatud t\u00f6\u00f6tlejateks on ka Calisto Varahaldur LLC kuuluvad t\u00f6\u00f6tajad, kes t\u00f6\u00f6tlevad isikuandmeid oma t\u00f6\u00f6\u00fclesannete t\u00e4itmiseks.<\/p>\n<p>1.7. Kliendil on igal ajal v\u00f5imalik loobuda saadetavatest pakkumistest ja uudiskirjadest logides sisse iseteeninduskeskkonda aadressil www.vetafashion.com, andes sellest teada e-kirja teel v\u00f5i j\u00e4rgides e-kirjas toodud juhiseid.<\/p>\n<p>1.8. Isikuandmete vastutavaks t\u00f6\u00f6tlejaks on Calisto Varahaldur O\u00dc (Isikuandmete vastutav t\u00f6\u00f6tleja) (registrikood 10422311, Kullassepa 4, 10318 Tallinn). Calisto Varahaldur O\u00dc\u00a0edastab maksete teostamiseks vajalikud isikuandmed volitatud t\u00f6\u00f6tleja\u00a0<span class=\"il\">Maksekeskus<\/span>\u00a0AS-le<\/p>\n<p>1.9. \u00a0Kliendil on \u00f5igus igal ajal saada teavet ning tutvuda enda isikuandmetega, taotleda juurdep\u00e4\u00e4su enda isikuandmetele, taotleda enda isikuandmete parandamist, taotleda enda isikuandmete piiramist, taotleda enda isikuandmete kustutamist, taotleda enda isikuandmete \u00fclekandmist, \u00f5igused seoses automatiseeritused t\u00f6\u00f6tlusega, \u00f5igus j\u00e4relevalveasutuse hinnangule. Samuti on \u00f5igus v\u00f5tta tagasi varasemalt antud n\u00f5usolek isikuandmete t\u00f6\u00f6tlemiseks. Teabe saamiseks ja tutvumiseks esitab klient vastava kirjaliku taotluse aadressile\u00a0<a href=\"mailto:veta@veta.ee\">veta@veta.ee<\/a>.<\/p>\n<p>Andmesubjektil on \u00f5igus p\u00f6\u00f6rduda kaebusega Calisto Varahaldur O\u00dc poole kui Andmesubjekt leiab, et isikuandmete t\u00f6\u00f6tlemisel on rikutud tema \u00f5igusi, kirjutades aadressile Kullassepa 4, 10318 Tallinn v\u00f5i e-posti aadressile veta@veta.ee.\u00a0 Teie p\u00e4ringule vastatakse m\u00f5istliku aja jooksul (hiljemalt 30 p\u00e4eva jooksul).<\/p>\n<p>1.10. Kogutud isikuandmete kustutamiseks esitab klient vastava kirjaliku taotluse aadressile \u00a0<a href=\"mailto:veta@veta.ee\">veta@veta.ee<\/a>.<\/p>\n<p>1.11. Isikuandmete t\u00f6\u00f6tlemisel j\u00e4rgitakse Eesti ja Euroopa Liidu \u00f5igusakte.<\/p>\n","protected":false},"excerpt":{"rendered":"<p>1. ISIKUANDMETE T\u00d6\u00d6TLEMINE 1.1. Liitudes kliendiprogrammiga, annab klient n\u00f5usoleku oma isikuandmete t\u00f6\u00f6tlemiseks. Vastutavale t\u00f6\u00f6tlejale edastatud isikuandmed on kaitstud ning k\u00e4sitletakse konfidentsiaalse informatsioonina, sh e-poe tellimuste keskkonnas s\u00e4ilitatavad andmed kliendi ja tema tellimuste kohta. Vastutav t\u00f6\u00f6tleja ei avalda talle teatavaks saanud andmeid kolmandatele isikutele. 1.2. Andmeside kliendi ja pankade ning kaardimaksekeskuse vahel on kr\u00fcpteeritud, mis tagab kliendi isikuandmete ja pangarekvisiitide turvalisuse. Andmet\u00f6\u00f6tlejal puudub ligip\u00e4\u00e4s kliendi konfidentsiaalsetele panga- ja maksekaardi rekvisiitidele. 1.3. Isikuandmete t\u00f6\u00f6tlemisel j\u00e4rgitakse Eesti ja Euroopa Liidu \u00f5igusakte. Muuhulgas t\u00f6\u00f6deldakse&#8230;<\/p>\n<p><a href=\"https:\/\/vetafashion.com\/et\/privaatsuspoliitika\/\" class=\"more-link button\">Loe edasi<\/a><\/p>","protected":false},"author":2,"featured_media":0,"parent":0,"menu_order":0,"comment_status":"closed","ping_status":"closed","template":"","meta":{"_acf_changed":false,"footnotes":""},"class_list":["post-9805","page","type-page","status-publish","entry","clearfix"],"acf":[],"_links":{"self":[{"href":"https:\/\/vetafashion.com\/et\/wp-json\/wp\/v2\/pages\/9805","targetHints":{"allow":["GET"]}}],"collection":[{"href":"https:\/\/vetafashion.com\/et\/wp-json\/wp\/v2\/pages"}],"about":[{"href":"https:\/\/vetafashion.com\/et\/wp-json\/wp\/v2\/types\/page"}],"author":[{"embeddable":true,"href":"https:\/\/vetafashion.com\/et\/wp-json\/wp\/v2\/users\/2"}],"replies":[{"embeddable":true,"href":"https:\/\/vetafashion.com\/et\/wp-json\/wp\/v2\/comments?post=9805"}],"version-history":[{"count":1,"href":"https:\/\/vetafashion.com\/et\/wp-json\/wp\/v2\/pages\/9805\/revisions"}],"predecessor-version":[{"id":79441,"href":"https:\/\/vetafashion.com\/et\/wp-json\/wp\/v2\/pages\/9805\/revisions\/79441"}],"wp:attachment":[{"href":"https:\/\/vetafashion.com\/et\/wp-json\/wp\/v2\/media?parent=9805"}],"curies":[{"name":"wp","href":"https:\/\/api.w.org\/{rel}","templated":true}]}}