{"id":9859,"date":"2018-10-27T13:08:18","date_gmt":"2018-10-27T10:08:18","guid":{"rendered":"https:\/\/vetafashion.com\/?page_id=9859"},"modified":"2022-12-22T15:55:12","modified_gmt":"2022-12-22T13:55:12","slug":"kohaletoimetamine-ja-tagastamine","status":"publish","type":"page","link":"https:\/\/vetafashion.com\/et\/kohaletoimetamine-ja-tagastamine\/","title":{"rendered":"Saatmine ja tagastamine"},"content":{"rendered":"<h2>Sisukord<\/h2>\n<ul class=\"list-dash double-margin\">\n<li><a href=\"https:\/\/vetafashion.com\/et\/kohaletoimetamine\">Kohaletoimetamine<\/a><\/li>\n<li><a href=\"https:\/\/vetafashion.com\/et\/kohaletoimetamine-ja-tagastamine\/\">Toote tagastamine\u00a0<\/a><\/li>\n<li><a href=\"#returning-the-wrong-or-poor-quality-product\">Vale v\u00f5i defektse toote tagastamine<\/a><\/li>\n<li><a href=\"#exchanging-the-product\">Toote vahetamine<\/a><\/li>\n<li><a href=\"https:\/\/vetafashion.com\/et\/kohaletoimetamine-ja-tagastamine\/\">Raha tagastamine<\/a><\/li>\n<\/ul>\n<h3 id=\"delivery\">Kohaletoimetamine<\/h3>\n<p>Kui tellimus on esitatud, siis saadame sisestatud e-maili peale tellimuse kinnituse, mille manuses on tellimus ka PDF kujul.<\/p>\n<p><strong>Omniva<\/strong> (eesti post) saadetise teekonda saad j\u00e4lgida siin: <a href=\"http:\/\/www.track-trace.com\/post\">www.track-trace.com\/post<\/a><\/p>\n<p><strong>DPD saadetised<\/strong>: saadetise teekonda saad j\u00e4lgida siin: <a title=\"www.dpd.com\/tracking\" href=\"http:\/\/www.dpd.com\/tracking\">www.dpd.com\/tracking<\/a><\/p>\n<p><strong>UPS<\/strong>\u00a0saadetise teekonda saad j\u00e4lgida siin: <a title=\"www.ups.com\" href=\"http:\/\/www.ups.com\/\">www.ups.com<\/a><\/p>\n<p class=\"double-margin\"><strong>\u00dcle 100 \u20ac tellimustele on kohaletoimetamine tasuta.<\/strong><\/p>\n<h4>Tellides tooteid meie e-poest, on Teil v\u00f5imalik valida j\u00e4rgmiste kohaletoimetamise viiside vahel:<\/h4>\n<table class=\"table table-full table-fixed table-responsive double-margin\">\n<thead>\n<tr>\n<th>RIIK<\/th>\n<th>SHIPPING METHOD<\/th>\n<\/tr>\n<\/thead>\n<tbody>\n<tr>\n<th>Eesti<\/th>\n<td>Standart, 1-4 p\u00e4eva<br \/>\nDPD, 1-4 p\u00e4eva<\/td>\n<\/tr>\n<tr>\n<th>Soome, L\u00e4ti, Leedu<\/th>\n<td>Standart, 2-12 p\u00e4eva<br \/>\nDPD, 1-4 p\u00e4eva<br \/>\nUPS, 1-2 p\u00e4eva<\/td>\n<\/tr>\n<tr>\n<th>Rootsi, Poola<\/th>\n<td>Standart, 2-12 p\u00e4eva<br \/>\nDPD, 4-7 p\u00e4eva<br \/>\nUPS, 1-2 p\u00e4eva<\/td>\n<\/tr>\n<tr>\n<th>Slovakkia, Madalmaad, Luksemburg, Saksamaa, Prantsusmaa, Taani, T\u0161ehhi Vabariik, Belgia, Austria<\/th>\n<td>Standart, 2-12 p\u00e4eva<br \/>\nDPD, 4-7 p\u00e4eva<br \/>\nUPS, 1-2\u00a0p\u00e4eva<\/td>\n<\/tr>\n<tr>\n<th>Bulgaaria, Horvaatia, Kreeka, Ungari, Itaalia, Monaco, \u00dchendkuningriik, \u0160veits, Hispaania, Sloveenia, Rumeenia, Iiri Vabariik, Portugal, Norra<\/th>\n<td>Standart, 2-12 p\u00e4eva<br \/>\nDPD, 4-7 p\u00e4eva<br \/>\nUPS, 1-2\u00a0p\u00e4eva<\/td>\n<\/tr>\n<tr>\n<th>Ameerika \u00dchendriigid, Kanada, Venemaa, Ukraina, Valgevene<\/th>\n<td>Standart, 8-24 p\u00e4eva<br \/>\nUPS, 2-3 p\u00e4eva<\/td>\n<\/tr>\n<tr>\n<th>Teised riigid<\/th>\n<td>Standart, 8-24 p\u00e4eva<br \/>\nUPS, 2-3 p\u00e4eva<\/td>\n<\/tr>\n<\/tbody>\n<\/table>\n<p class=\"double-margin\">Kauba saatmisel v\u00f5ivad lisanduda mitmesugused tolli- ja impordimaksud, mis tuleb tasuda paki sihtriiki saabumisel. Need maksud tasub paki k\u00e4ttesaaja. Kuna maksu- ja tollipoliitika v\u00f5ib eri riikides suuresti varieeruda, siis soovitame teil t\u00e4iendava informatsiooni saamiseks p\u00f6\u00f6rduda kohaliku tolli- v\u00f5i maksuameti esinduse poole. Meie ladu\u00a0komplekteerib Teie tellimuse esimesel v\u00f5imalusel ja annab paki postiteenuse pakkujale \u00fcle hiljemalt 2-3 t\u00f6\u00f6p\u00e4eva jooksul. Edasine kohalej\u00f5udmise aeg\u00a0s\u00f5ltub postiteenuse pakkujast. Riigip\u00fchade ajal\u00a0v\u00f5ib tarneaeg olla tavap\u00e4rasest pikem. Vabandame.<\/p>\n<h3 id=\"return-goods-policy\">Toote tagastamine<\/h3>\n<p><span style=\"font-size: 1em;\">Kui tooted ei vasta sinu ootustele, v\u00f5id need 14 p\u00e4eva jooksul alates m\u00fc\u00fcgikuup\u00e4evast tagastada. Tagastatud kaubad ei tohi olla katkised v\u00f5i kantud ja peavad olema varustatud k\u00f5igi originaalsiltidega. Palun teavitage meid koheselt tellimuse tagastuse soovist,\u00a0 kuid mitte hiljem kui 14 p\u00e4eva jooksul\u00a0 k\u00e4ttesaamisest, e-posti aadressil:<\/span>\u00a0<a href=\"mailto:epood@veta.ee\">epood@veta.ee<\/a> .\u00a0 Palume \u00e4ra m\u00e4rkida:<\/p>\n<ol class=\"list-dash\">\n<li>Teie tellimuse number<\/li>\n<li>Tagastamisele kuuluvad tooted<\/li>\n<li>T\u0161eki koopia (foto) postkontorist, mis t\u00f5endab, et olete tagasi saatnud kauba, mida soovite tagastada.<\/li>\n<\/ol>\n<p>Tagastatud kauba eest tagastab Calisto Varahaldur LLC teile toodete eest tasutud summa hiljemalt 14\u00a0 p\u00e4eva jooksul meile taganemisavalduse j\u00f5udmisest.<\/p>\n<h5>Tagastused palume saata aadressile:<\/h5>\n<address class=\"content-address\">Calisto Varahaldur LLC<br \/>\nS\u00f5le 42, Tallinn<br \/>\nEstonia, 10318<\/address>\n<address>\u00a0<\/address>\n<address>v\u00f5i <strong>Haabersti RIMI\u00a0 pakkiautomaatidele<\/strong> (Tallinn) Tel: 58 400 433<\/address>\n<p class=\"double-margin\">Tagastatav toode peab olema kasutamata, originaalsiltide ja \u2013lipikutega. Klient vastutab toote v\u00e4\u00e4rtuse v\u00e4henemise eest, mis on tingitud toote kasutamisest muul viisil, kui on vaja toote olemuses, omadustes ja toimimises veendumiseks. Toodet kahjustamata eemaldatavate originaalsiltide- ja lipikute puudumine ei v\u00e4lista asja tagastamis\u00f5igust, kuid kliendil tuleb need tagastatud toodete juurde lisada.<\/p>\n<h3>Vale v\u00f5i defektse toote tagastamine<\/h3>\n<p>Palun teavitage meid koheselt, kui toode ei vasta e-poes kuvatud pildile v\u00f5i on defektne, kuid mitte hiljem kui 1 kuu jooksul mittevastavusest v\u00f5i defektsusest teada saamisest, e-posti aadressil <a href=\"mailto:veta@veta.ee\"> veta@veta.ee<\/a>\u00a0v\u00f5i kirjalikult\u00a0 Calisto Varahaldur LLC aadressile Sole 42, Tallinn, Eesti, 10318. Pretensioonis palume \u00e4ra m\u00e4rkida oma kontaktandmed, ostu sooritamise kuup\u00e4ev, toote puuduse kirjeldus ning esitatav n\u00f5ude.<\/p>\n<p>N\u00f5uetele mittevastava toote tagastamise korral h\u00fcvitatakse Kliendile toote eest tasutud summa koos transpordimaksumusega Kliendi poolt n\u00e4idatud pangakontole hiljemalt 14 p\u00e4eva jooksul. Selleks palume teil alles hoida postitamisel saadav dokument ja saata see e-posti aadressil\u00a0 <a href=\"mailto:veta@veta.ee\">veta@veta.ee<\/a>\u00a0 koos tellimuse numbriga. Ettev\u00f5tjal on \u00f5igus tasutud summade tagastamisega viivitada seni, kuni Klient on tema k\u00e4es oleva toote tagastanud v\u00f5i esitanud t\u00f5endi toote tagastamiseks \u00fcleandmise kohta postiasutusele.<\/p>\n<h3 id=\"exchanging-the-product\">Toote vahetamine<\/h3>\n<p>Kui tellitud toote suurus ei sobi,\u00a0saab selle \u00fcmber vahetada sama toote teise suuruse vastu. Tooteid on v\u00f5imalik vahetada 14 p\u00e4eva jooksul alates toote k\u00e4ttesaamisest. Kui meil ei ole v\u00f5imalik leida vahetamiseks tagastatud tootele soovitud suurust, teavitame Teid sellest e-maili teel.<\/p>\n<h5>Tagastused palume saata aadressile:<\/h5>\n<address class=\"content-address double-margin\">Calisto Varahaldur LLC<br \/>\nS\u00f5le 42, Tallinn<br \/>\nEesti, 10318<\/address>\n<h3 id=\"returning-the-money\">Raha tagastamine<\/h3>\n<p>Tagastatud kauba eest tagastab Calisto Varahaldur LLC teile toodete eest tasutud summa hiljemalt 14\u00a0 p\u00e4eva jooksul meile taganemisavalduse j\u00f5udmisest. Calisto Varahaldur LLC-l on \u00f5igus tasutud summade tagastamisega viivitada seni, kuni olete toote tagastanud v\u00f5i esitanud t\u00f5endi toote tagastamiseks \u00fcle andmise kohta postiasutusele. Raha tagastame samale arvelduskontole, millelt toimus laekumine.<\/p>\n","protected":false},"excerpt":{"rendered":"<p>Sisukord Kohaletoimetamine Toote tagastamine\u00a0 Vale v\u00f5i defektse toote tagastamine Toote vahetamine Raha tagastamine Kohaletoimetamine Kui tellimus on esitatud, siis saadame sisestatud e-maili peale tellimuse kinnituse, mille manuses on tellimus ka PDF kujul. Omniva (eesti post) saadetise teekonda saad j\u00e4lgida siin: www.track-trace.com\/post DPD saadetised: saadetise teekonda saad j\u00e4lgida siin: www.dpd.com\/tracking UPS\u00a0saadetise teekonda saad j\u00e4lgida siin: www.ups.com \u00dcle 100 \u20ac tellimustele on kohaletoimetamine tasuta. Tellides tooteid meie e-poest, on Teil v\u00f5imalik valida j\u00e4rgmiste kohaletoimetamise viiside vahel: RIIK SHIPPING METHOD Eesti Standart, 1-4&#8230;<\/p>\n<p><a href=\"https:\/\/vetafashion.com\/et\/kohaletoimetamine-ja-tagastamine\/\" class=\"more-link button\">Loe edasi<\/a><\/p>","protected":false},"author":2,"featured_media":9860,"parent":0,"menu_order":0,"comment_status":"closed","ping_status":"closed","template":"","meta":{"_acf_changed":false,"footnotes":""},"class_list":["post-9859","page","type-page","status-publish","has-post-thumbnail","entry","clearfix"],"acf":[],"_links":{"self":[{"href":"https:\/\/vetafashion.com\/et\/wp-json\/wp\/v2\/pages\/9859","targetHints":{"allow":["GET"]}}],"collection":[{"href":"https:\/\/vetafashion.com\/et\/wp-json\/wp\/v2\/pages"}],"about":[{"href":"https:\/\/vetafashion.com\/et\/wp-json\/wp\/v2\/types\/page"}],"author":[{"embeddable":true,"href":"https:\/\/vetafashion.com\/et\/wp-json\/wp\/v2\/users\/2"}],"replies":[{"embeddable":true,"href":"https:\/\/vetafashion.com\/et\/wp-json\/wp\/v2\/comments?post=9859"}],"version-history":[{"count":13,"href":"https:\/\/vetafashion.com\/et\/wp-json\/wp\/v2\/pages\/9859\/revisions"}],"predecessor-version":[{"id":84913,"href":"https:\/\/vetafashion.com\/et\/wp-json\/wp\/v2\/pages\/9859\/revisions\/84913"}],"wp:featuredmedia":[{"embeddable":true,"href":"https:\/\/vetafashion.com\/et\/wp-json\/wp\/v2\/media\/9860"}],"wp:attachment":[{"href":"https:\/\/vetafashion.com\/et\/wp-json\/wp\/v2\/media?parent=9859"}],"curies":[{"name":"wp","href":"https:\/\/api.w.org\/{rel}","templated":true}]}}