{"id":28981,"date":"2015-03-02T15:01:54","date_gmt":"2019-04-04T09:55:54","guid":{"rendered":"https:\/\/vetafashion.com\/product\/varvara-silmkoeline-kampsun-vooga-2\/"},"modified":"2021-05-14T14:30:08","modified_gmt":"2021-05-14T11:30:08","slug":"varvara-silmkoeline-kampsun-vooga-bordopunane","status":"publish","type":"product","link":"https:\/\/vetafashion.com\/et\/product\/varvara-silmkoeline-kampsun-vooga-bordopunane\/","title":{"rendered":"Varvara silmkoeline kampsun v\u00f6\u00f6ga bordopunane"},"content":{"rendered":"<p>Silmkoeline kampsun v\u00f6\u00f6ga<\/p>\n","protected":false},"excerpt":{"rendered":"<ul class=\"list-dash\">\n<li>varruka pikkus 7\/8<\/li>\n<li>kudum\u00a0kombineeritud linase\/viskoos kangaga vooga<\/li>\n<li>modell kannab suurust: S<\/li>\n<li>modelli pikkus 177 cm<\/li>\n<li>69% viskoos 27% lina 4% PAC<\/li>\n<\/ul>\n<p><a href=\"https:\/\/vetafashion.com\/et\/product\/varvara-silmkoeline-kampsun-vooga-bordopunane\/\" class=\"more-link button\">Loe edasi<\/a><\/p>","protected":false},"featured_media":22312,"comment_status":"closed","ping_status":"closed","template":"","meta":{"_acf_changed":false},"product_brand":[],"product_cat":[1554,977,1009],"product_tag":[],"class_list":{"0":"post-28981","1":"product","2":"type-product","3":"status-publish","4":"has-post-thumbnail","6":"product_cat-allahindlus","7":"product_cat-naiste","8":"product_cat-jakid-et","9":"entry","10":"clearfix","12":"first","13":"instock","14":"sale","15":"taxable","16":"shipping-taxable","17":"purchasable","18":"product-type-variable","19":"has-default-attributes"},"acf":[],"_links":{"self":[{"href":"https:\/\/vetafashion.com\/et\/wp-json\/wp\/v2\/product\/28981","targetHints":{"allow":["GET"]}}],"collection":[{"href":"https:\/\/vetafashion.com\/et\/wp-json\/wp\/v2\/product"}],"about":[{"href":"https:\/\/vetafashion.com\/et\/wp-json\/wp\/v2\/types\/product"}],"replies":[{"embeddable":true,"href":"https:\/\/vetafashion.com\/et\/wp-json\/wp\/v2\/comments?post=28981"}],"wp:featuredmedia":[{"embeddable":true,"href":"https:\/\/vetafashion.com\/et\/wp-json\/wp\/v2\/media\/22312"}],"wp:attachment":[{"href":"https:\/\/vetafashion.com\/et\/wp-json\/wp\/v2\/media?parent=28981"}],"wp:term":[{"taxonomy":"product_brand","embeddable":true,"href":"https:\/\/vetafashion.com\/et\/wp-json\/wp\/v2\/product_brand?post=28981"},{"taxonomy":"product_cat","embeddable":true,"href":"https:\/\/vetafashion.com\/et\/wp-json\/wp\/v2\/product_cat?post=28981"},{"taxonomy":"product_tag","embeddable":true,"href":"https:\/\/vetafashion.com\/et\/wp-json\/wp\/v2\/product_tag?post=28981"}],"curies":[{"name":"wp","href":"https:\/\/api.w.org\/{rel}","templated":true}]}}