{"id":30106,"date":"2015-03-15T15:06:39","date_gmt":"2015-05-04T14:31:39","guid":{"rendered":"https:\/\/vetafashion.com\/product\/anna-linane-pontso\/"},"modified":"2020-07-27T09:19:55","modified_gmt":"2020-07-27T06:19:55","slug":"anna-linane-pontso-valge-naturaalne","status":"publish","type":"product","link":"https:\/\/vetafashion.com\/et\/product\/anna-linane-pontso-valge-naturaalne\/","title":{"rendered":"Anna linane pont\u0161o valge-naturaalne"},"content":{"rendered":"<p>linane pont\u0161o.<\/p>\n","protected":false},"excerpt":{"rendered":"<p>Trendikas ja elegantne linane pont\u0161o on selle suve hitt. Kontrastse kandiga \u00e4\u00e4red lisavad teie stiilile hoogu. Saadaval erinevates v\u00e4rvides. Vali v\u00e4lja pont\u0161o erinevatest looduslikest toonidest, mis sobib sulle k\u00f5ige paremini. Pont\u0161o on lihtne, kuid stiilne riietus ja seda saab kanda pea k\u00f5igega. Linane kudum hoiab jahedal suve\u00f5htul sooja, ning jahutab kuumadel ilmadel. Tehtud Eestis!<\/p>\n<p><a href=\"https:\/\/vetafashion.com\/et\/product\/anna-linane-pontso-valge-naturaalne\/\" class=\"more-link button\">Loe edasi<\/a><\/p>","protected":false},"featured_media":2187,"comment_status":"open","ping_status":"closed","template":"","meta":{"_acf_changed":false},"product_brand":[],"product_cat":[977,1010],"product_tag":[],"class_list":{"0":"post-30106","1":"product","2":"type-product","3":"status-publish","4":"has-post-thumbnail","6":"product_cat-naiste","7":"product_cat-pontso","8":"entry","9":"clearfix","11":"first","12":"instock","13":"taxable","14":"shipping-taxable","15":"purchasable","16":"product-type-simple"},"acf":[],"_links":{"self":[{"href":"https:\/\/vetafashion.com\/et\/wp-json\/wp\/v2\/product\/30106","targetHints":{"allow":["GET"]}}],"collection":[{"href":"https:\/\/vetafashion.com\/et\/wp-json\/wp\/v2\/product"}],"about":[{"href":"https:\/\/vetafashion.com\/et\/wp-json\/wp\/v2\/types\/product"}],"replies":[{"embeddable":true,"href":"https:\/\/vetafashion.com\/et\/wp-json\/wp\/v2\/comments?post=30106"}],"wp:featuredmedia":[{"embeddable":true,"href":"https:\/\/vetafashion.com\/et\/wp-json\/wp\/v2\/media\/2187"}],"wp:attachment":[{"href":"https:\/\/vetafashion.com\/et\/wp-json\/wp\/v2\/media?parent=30106"}],"wp:term":[{"taxonomy":"product_brand","embeddable":true,"href":"https:\/\/vetafashion.com\/et\/wp-json\/wp\/v2\/product_brand?post=30106"},{"taxonomy":"product_cat","embeddable":true,"href":"https:\/\/vetafashion.com\/et\/wp-json\/wp\/v2\/product_cat?post=30106"},{"taxonomy":"product_tag","embeddable":true,"href":"https:\/\/vetafashion.com\/et\/wp-json\/wp\/v2\/product_tag?post=30106"}],"curies":[{"name":"wp","href":"https:\/\/api.w.org\/{rel}","templated":true}]}}