{"id":30736,"date":"2020-07-21T17:00:23","date_gmt":"2015-10-05T13:06:23","guid":{"rendered":"https:\/\/vetafashion.com\/product\/sergio-vabalt-langev-mugava-loikega-linane-sark\/"},"modified":"2022-07-17T13:33:23","modified_gmt":"2022-07-17T10:33:23","slug":"sergio-vabalt-langev-mugava-loikega-linane-sark-must","status":"publish","type":"product","link":"https:\/\/vetafashion.com\/et\/product\/sergio-vabalt-langev-mugava-loikega-linane-sark-must\/","title":{"rendered":"Sergio vabalt langev mugava l\u00f5ikega linane s\u00e4rk must"},"content":{"rendered":"<p>Vabalt langev\u00a0 linane s\u00e4rk. \u00dcmar krae ja l\u00fchikesed varrukad. Rinnaesisel on peale\u00f5mmeldud tasku.<\/p>\n","protected":false},"excerpt":{"rendered":"<ul class=\"list-dash\">\n<li>l\u00fchikesed varrukad<\/li>\n<li>mugava l\u00f5ikega<\/li>\n<li>\u00fcmar krae<\/li>\n<li>rinnaesisel on peale\u00f5mmeldud tasku<\/li>\n<li><\/li>\n<li>100% linen<\/li>\n<li>modell kannab suurust: M<\/li>\n<\/ul>\n<p><a href=\"https:\/\/vetafashion.com\/et\/product\/sergio-vabalt-langev-mugava-loikega-linane-sark-must\/\" class=\"more-link button\">Loe edasi<\/a><\/p>","protected":false},"featured_media":13743,"comment_status":"open","ping_status":"closed","template":"","meta":{"_acf_changed":false},"product_brand":[],"product_cat":[1003],"product_tag":[],"class_list":{"0":"post-30736","1":"product","2":"type-product","3":"status-publish","4":"has-post-thumbnail","6":"product_cat-sargid","7":"entry","8":"clearfix","10":"first","11":"instock","12":"taxable","13":"shipping-taxable","14":"purchasable","15":"product-type-variable","16":"has-default-attributes"},"acf":[],"_links":{"self":[{"href":"https:\/\/vetafashion.com\/et\/wp-json\/wp\/v2\/product\/30736","targetHints":{"allow":["GET"]}}],"collection":[{"href":"https:\/\/vetafashion.com\/et\/wp-json\/wp\/v2\/product"}],"about":[{"href":"https:\/\/vetafashion.com\/et\/wp-json\/wp\/v2\/types\/product"}],"replies":[{"embeddable":true,"href":"https:\/\/vetafashion.com\/et\/wp-json\/wp\/v2\/comments?post=30736"}],"wp:featuredmedia":[{"embeddable":true,"href":"https:\/\/vetafashion.com\/et\/wp-json\/wp\/v2\/media\/13743"}],"wp:attachment":[{"href":"https:\/\/vetafashion.com\/et\/wp-json\/wp\/v2\/media?parent=30736"}],"wp:term":[{"taxonomy":"product_brand","embeddable":true,"href":"https:\/\/vetafashion.com\/et\/wp-json\/wp\/v2\/product_brand?post=30736"},{"taxonomy":"product_cat","embeddable":true,"href":"https:\/\/vetafashion.com\/et\/wp-json\/wp\/v2\/product_cat?post=30736"},{"taxonomy":"product_tag","embeddable":true,"href":"https:\/\/vetafashion.com\/et\/wp-json\/wp\/v2\/product_tag?post=30736"}],"curies":[{"name":"wp","href":"https:\/\/api.w.org\/{rel}","templated":true}]}}