{"id":30749,"date":"2020-07-21T13:37:57","date_gmt":"2015-10-05T13:04:57","guid":{"rendered":"https:\/\/vetafashion.com\/product\/marko-klassikalise-loikega-linane-sark\/"},"modified":"2023-05-14T12:03:39","modified_gmt":"2023-05-14T09:03:39","slug":"marko-klassikalise-loikega-linane-sark-naturaalne","status":"publish","type":"product","link":"https:\/\/vetafashion.com\/et\/product\/marko-klassikalise-loikega-linane-sark-naturaalne\/","title":{"rendered":"Marko klassikalise l\u00f5ikega linane s\u00e4rk naturaalne"},"content":{"rendered":"<p>Klassikalise l\u00f5ikega linane s\u00e4rk. L\u00fchikeste varrukate ja n\u00f6\u00f6pidega rev\u00e4\u00e4rkraega s\u00e4rk. Ees on n\u00f6\u00f6pkinnis.<\/p>\n","protected":false},"excerpt":{"rendered":"<ul class=\"list-dash\">\n<li>l\u00fchikesed varrukad<\/li>\n<li>klassikalise l\u00f5ikega<\/li>\n<li>n\u00f6\u00f6pidega<\/li>\n<li>rev\u00e4\u00e4rkraega<\/li>\n<li>100% lina<\/li>\n<li>modell kannab suurust: M<\/li>\n<\/ul>\n<p><a href=\"https:\/\/vetafashion.com\/et\/product\/marko-klassikalise-loikega-linane-sark-naturaalne\/\" class=\"more-link button\">Loe edasi<\/a><\/p>","protected":false},"featured_media":13625,"comment_status":"open","ping_status":"closed","template":"","meta":{"_acf_changed":false},"product_brand":[],"product_cat":[1003],"product_tag":[],"class_list":{"0":"post-30749","1":"product","2":"type-product","3":"status-publish","4":"has-post-thumbnail","6":"product_cat-sargid","7":"entry","8":"clearfix","10":"first","11":"instock","12":"taxable","13":"shipping-taxable","14":"purchasable","15":"product-type-variable","16":"has-default-attributes"},"acf":[],"_links":{"self":[{"href":"https:\/\/vetafashion.com\/et\/wp-json\/wp\/v2\/product\/30749","targetHints":{"allow":["GET"]}}],"collection":[{"href":"https:\/\/vetafashion.com\/et\/wp-json\/wp\/v2\/product"}],"about":[{"href":"https:\/\/vetafashion.com\/et\/wp-json\/wp\/v2\/types\/product"}],"replies":[{"embeddable":true,"href":"https:\/\/vetafashion.com\/et\/wp-json\/wp\/v2\/comments?post=30749"}],"wp:featuredmedia":[{"embeddable":true,"href":"https:\/\/vetafashion.com\/et\/wp-json\/wp\/v2\/media\/13625"}],"wp:attachment":[{"href":"https:\/\/vetafashion.com\/et\/wp-json\/wp\/v2\/media?parent=30749"}],"wp:term":[{"taxonomy":"product_brand","embeddable":true,"href":"https:\/\/vetafashion.com\/et\/wp-json\/wp\/v2\/product_brand?post=30749"},{"taxonomy":"product_cat","embeddable":true,"href":"https:\/\/vetafashion.com\/et\/wp-json\/wp\/v2\/product_cat?post=30749"},{"taxonomy":"product_tag","embeddable":true,"href":"https:\/\/vetafashion.com\/et\/wp-json\/wp\/v2\/product_tag?post=30749"}],"curies":[{"name":"wp","href":"https:\/\/api.w.org\/{rel}","templated":true}]}}