{"id":32211,"date":"2015-08-20T18:13:12","date_gmt":"2015-08-20T15:13:12","guid":{"rendered":"https:\/\/vetafashion.com\/product\/joulumustriga-padjapuur-2\/"},"modified":"2024-11-14T16:02:04","modified_gmt":"2024-11-14T14:02:04","slug":"joulumustriga-padjapuur-2","status":"publish","type":"product","link":"https:\/\/vetafashion.com\/et\/product\/joulumustriga-padjapuur-2\/","title":{"rendered":"J\u00f5ulumustriga padjap\u00fc\u00fcr"},"content":{"rendered":"<p>J\u00f5ulumustriga padjap\u00fc\u00fcr.\u00a050% lina 50% puuvill. Suurus 45 x 45 cm.<\/p>\n","protected":false},"excerpt":{"rendered":"<ul class=\"list-dash\">\n<li>j\u00f5ulumustriga<\/li>\n<li>45 x 45 cm<\/li>\n<li>50% lina 50% puuvill<\/li>\n<\/ul>\n<p><a href=\"https:\/\/vetafashion.com\/et\/product\/joulumustriga-padjapuur-2\/\" class=\"more-link button\">Loe edasi<\/a><\/p>","protected":false},"featured_media":12305,"comment_status":"open","ping_status":"closed","template":"","meta":{"_acf_changed":false},"product_brand":[],"product_cat":[983,991],"product_tag":[],"class_list":{"0":"post-32211","1":"product","2":"type-product","3":"status-publish","4":"has-post-thumbnail","6":"product_cat-joulud","7":"product_cat-padjapuur","8":"entry","9":"clearfix","11":"first","12":"instock","13":"taxable","14":"shipping-taxable","15":"purchasable","16":"product-type-simple"},"acf":[],"_links":{"self":[{"href":"https:\/\/vetafashion.com\/et\/wp-json\/wp\/v2\/product\/32211","targetHints":{"allow":["GET"]}}],"collection":[{"href":"https:\/\/vetafashion.com\/et\/wp-json\/wp\/v2\/product"}],"about":[{"href":"https:\/\/vetafashion.com\/et\/wp-json\/wp\/v2\/types\/product"}],"replies":[{"embeddable":true,"href":"https:\/\/vetafashion.com\/et\/wp-json\/wp\/v2\/comments?post=32211"}],"wp:featuredmedia":[{"embeddable":true,"href":"https:\/\/vetafashion.com\/et\/wp-json\/wp\/v2\/media\/12305"}],"wp:attachment":[{"href":"https:\/\/vetafashion.com\/et\/wp-json\/wp\/v2\/media?parent=32211"}],"wp:term":[{"taxonomy":"product_brand","embeddable":true,"href":"https:\/\/vetafashion.com\/et\/wp-json\/wp\/v2\/product_brand?post=32211"},{"taxonomy":"product_cat","embeddable":true,"href":"https:\/\/vetafashion.com\/et\/wp-json\/wp\/v2\/product_cat?post=32211"},{"taxonomy":"product_tag","embeddable":true,"href":"https:\/\/vetafashion.com\/et\/wp-json\/wp\/v2\/product_tag?post=32211"}],"curies":[{"name":"wp","href":"https:\/\/api.w.org\/{rel}","templated":true}]}}