{"id":38710,"date":"2019-11-01T10:44:17","date_gmt":"2019-11-01T08:44:17","guid":{"rendered":"https:\/\/vetafashion.com\/product\/pilutatud-linane-salvratik-khaki\/"},"modified":"2021-08-13T18:29:21","modified_gmt":"2021-08-13T15:29:21","slug":"pilutatud-linane-salvratik-tume-khaki","status":"publish","type":"product","link":"https:\/\/vetafashion.com\/et\/product\/pilutatud-linane-salvratik-tume-khaki\/","title":{"rendered":"Pilutatud linane salvr\u00e4tik tume khaki"},"content":{"rendered":"<p>Pilutatud linane salvr\u00e4tik tume khaki v\u00e4rviga. Kangas 100% lina. Suurus 43 x 43 cm. Saadaval erinevates v\u00e4rvides.<\/p>\n","protected":false},"excerpt":{"rendered":"<ul class=\"list-dash\">\n<li>1 tk<\/li>\n<li>Pilutatud \u00e4\u00e4red<\/li>\n<li>saadaval erinevates v\u00e4rvides<\/li>\n<li>43 x 43 cm<\/li>\n<li>100% lina<\/li>\n<\/ul>\n<p><a href=\"https:\/\/vetafashion.com\/et\/product\/pilutatud-linane-salvratik-tume-khaki\/\" class=\"more-link button\">Loe edasi<\/a><\/p>","protected":false},"featured_media":39786,"comment_status":"open","ping_status":"closed","template":"","meta":{"_acf_changed":false},"product_brand":[],"product_cat":[1554,989],"product_tag":[],"class_list":{"0":"post-38710","1":"product","2":"type-product","3":"status-publish","4":"has-post-thumbnail","6":"product_cat-allahindlus","7":"product_cat-salvratikud","8":"entry","9":"clearfix","11":"first","12":"instock","13":"sale","14":"taxable","15":"shipping-taxable","16":"purchasable","17":"product-type-simple"},"acf":[],"_links":{"self":[{"href":"https:\/\/vetafashion.com\/et\/wp-json\/wp\/v2\/product\/38710","targetHints":{"allow":["GET"]}}],"collection":[{"href":"https:\/\/vetafashion.com\/et\/wp-json\/wp\/v2\/product"}],"about":[{"href":"https:\/\/vetafashion.com\/et\/wp-json\/wp\/v2\/types\/product"}],"replies":[{"embeddable":true,"href":"https:\/\/vetafashion.com\/et\/wp-json\/wp\/v2\/comments?post=38710"}],"wp:featuredmedia":[{"embeddable":true,"href":"https:\/\/vetafashion.com\/et\/wp-json\/wp\/v2\/media\/39786"}],"wp:attachment":[{"href":"https:\/\/vetafashion.com\/et\/wp-json\/wp\/v2\/media?parent=38710"}],"wp:term":[{"taxonomy":"product_brand","embeddable":true,"href":"https:\/\/vetafashion.com\/et\/wp-json\/wp\/v2\/product_brand?post=38710"},{"taxonomy":"product_cat","embeddable":true,"href":"https:\/\/vetafashion.com\/et\/wp-json\/wp\/v2\/product_cat?post=38710"},{"taxonomy":"product_tag","embeddable":true,"href":"https:\/\/vetafashion.com\/et\/wp-json\/wp\/v2\/product_tag?post=38710"}],"curies":[{"name":"wp","href":"https:\/\/api.w.org\/{rel}","templated":true}]}}