{"id":38712,"date":"2019-10-25T11:40:45","date_gmt":"2019-10-25T08:40:45","guid":{"rendered":"https:\/\/vetafashion.com\/product\/pilutatud-linane-salvratik-terracotta\/"},"modified":"2021-08-13T18:38:20","modified_gmt":"2021-08-13T15:38:20","slug":"pilutatud-linane-salvratik-terracotta","status":"publish","type":"product","link":"https:\/\/vetafashion.com\/et\/product\/pilutatud-linane-salvratik-terracotta\/","title":{"rendered":"Pilutatud linane salvr\u00e4tik terracotta"},"content":{"rendered":"<p>Pilutatud salvr\u00e4tik. 100% lina. Suurus 45 x 45 cm. Saadaval erinevates v\u00e4rvides.<\/p>\n","protected":false},"excerpt":{"rendered":"<ul class=\"list-dash\">\n<li>1 tk<\/li>\n<li>Pilutatud \u00e4\u00e4red<\/li>\n<li>saadaval erinevates v\u00e4rvides<\/li>\n<li>43 x 43 cm<\/li>\n<li>100% lina<\/li>\n<\/ul>\n<p><a href=\"https:\/\/vetafashion.com\/et\/product\/pilutatud-linane-salvratik-terracotta\/\" class=\"more-link button\">Loe edasi<\/a><\/p>","protected":false},"featured_media":12489,"comment_status":"open","ping_status":"closed","template":"","meta":{"_acf_changed":false},"product_brand":[],"product_cat":[968,989],"product_tag":[],"class_list":{"0":"post-38712","1":"product","2":"type-product","3":"status-publish","4":"has-post-thumbnail","6":"product_cat-kodu","7":"product_cat-salvratikud","8":"entry","9":"clearfix","11":"first","12":"instock","13":"taxable","14":"shipping-taxable","15":"purchasable","16":"product-type-simple"},"acf":[],"_links":{"self":[{"href":"https:\/\/vetafashion.com\/et\/wp-json\/wp\/v2\/product\/38712","targetHints":{"allow":["GET"]}}],"collection":[{"href":"https:\/\/vetafashion.com\/et\/wp-json\/wp\/v2\/product"}],"about":[{"href":"https:\/\/vetafashion.com\/et\/wp-json\/wp\/v2\/types\/product"}],"replies":[{"embeddable":true,"href":"https:\/\/vetafashion.com\/et\/wp-json\/wp\/v2\/comments?post=38712"}],"wp:featuredmedia":[{"embeddable":true,"href":"https:\/\/vetafashion.com\/et\/wp-json\/wp\/v2\/media\/12489"}],"wp:attachment":[{"href":"https:\/\/vetafashion.com\/et\/wp-json\/wp\/v2\/media?parent=38712"}],"wp:term":[{"taxonomy":"product_brand","embeddable":true,"href":"https:\/\/vetafashion.com\/et\/wp-json\/wp\/v2\/product_brand?post=38712"},{"taxonomy":"product_cat","embeddable":true,"href":"https:\/\/vetafashion.com\/et\/wp-json\/wp\/v2\/product_cat?post=38712"},{"taxonomy":"product_tag","embeddable":true,"href":"https:\/\/vetafashion.com\/et\/wp-json\/wp\/v2\/product_tag?post=38712"}],"curies":[{"name":"wp","href":"https:\/\/api.w.org\/{rel}","templated":true}]}}