{"id":39692,"date":"2019-11-25T12:34:16","date_gmt":"2019-11-25T10:34:21","guid":{"rendered":"https:\/\/vetafashion.com\/?post_type=product&#038;p=39692"},"modified":"2022-12-08T15:05:07","modified_gmt":"2022-12-08T13:05:07","slug":"ookull-laudlina-bordo","status":"publish","type":"product","link":"https:\/\/vetafashion.com\/et\/product\/ookull-laudlina-bordo\/","title":{"rendered":"Linane laudlina mustriga \u00f6\u00f6kull bordo"},"content":{"rendered":"<p>&#8220;\u00d6\u00f6kull&#8221; mustriga linane laudlina. Materjal: 50% lina 50% puuvill. Saadaval erinevates suurustes.<\/p>\n<div id=\"gtx-trans\" style=\"position: absolute; left: 729px; top: 40.2px;\">\n<div class=\"gtx-trans-icon\">\u00a0<\/div>\n<\/div>\n","protected":false},"excerpt":{"rendered":"<ul class=\"list-dash\">\n<li>&#8220;\u00d6\u00f6kull&#8221; mustriga<\/li>\n<li>Suurused: 150 x 150 cm, 150 x 200 cm, 150 x 250 cm<\/li>\n<li>50% lina 50% puuvill<\/li>\n<\/ul>\n<p><a href=\"https:\/\/vetafashion.com\/et\/product\/ookull-laudlina-bordo\/\" class=\"more-link button\">Loe edasi<\/a><\/p>","protected":false},"featured_media":54533,"comment_status":"open","ping_status":"closed","template":"","meta":{"_acf_changed":false},"product_brand":[],"product_cat":[997],"product_tag":[],"class_list":{"0":"post-39692","1":"product","2":"type-product","3":"status-publish","4":"has-post-thumbnail","6":"product_cat-laudlina","7":"entry","8":"clearfix","10":"first","11":"outofstock","12":"taxable","13":"shipping-taxable","14":"purchasable","15":"product-type-variable","16":"has-default-attributes"},"acf":[],"_links":{"self":[{"href":"https:\/\/vetafashion.com\/et\/wp-json\/wp\/v2\/product\/39692","targetHints":{"allow":["GET"]}}],"collection":[{"href":"https:\/\/vetafashion.com\/et\/wp-json\/wp\/v2\/product"}],"about":[{"href":"https:\/\/vetafashion.com\/et\/wp-json\/wp\/v2\/types\/product"}],"replies":[{"embeddable":true,"href":"https:\/\/vetafashion.com\/et\/wp-json\/wp\/v2\/comments?post=39692"}],"wp:featuredmedia":[{"embeddable":true,"href":"https:\/\/vetafashion.com\/et\/wp-json\/wp\/v2\/media\/54533"}],"wp:attachment":[{"href":"https:\/\/vetafashion.com\/et\/wp-json\/wp\/v2\/media?parent=39692"}],"wp:term":[{"taxonomy":"product_brand","embeddable":true,"href":"https:\/\/vetafashion.com\/et\/wp-json\/wp\/v2\/product_brand?post=39692"},{"taxonomy":"product_cat","embeddable":true,"href":"https:\/\/vetafashion.com\/et\/wp-json\/wp\/v2\/product_cat?post=39692"},{"taxonomy":"product_tag","embeddable":true,"href":"https:\/\/vetafashion.com\/et\/wp-json\/wp\/v2\/product_tag?post=39692"}],"curies":[{"name":"wp","href":"https:\/\/api.w.org\/{rel}","templated":true}]}}