{"id":39882,"date":"2019-11-26T14:44:33","date_gmt":"2019-11-26T12:44:35","guid":{"rendered":"https:\/\/vetafashion.com\/?post_type=product&#038;p=39882"},"modified":"2021-08-13T18:12:32","modified_gmt":"2021-08-13T15:12:32","slug":"pilutatud-linane-salvratik-flamingo-roos","status":"publish","type":"product","link":"https:\/\/vetafashion.com\/et\/product\/pilutatud-linane-salvratik-flamingo-roos\/","title":{"rendered":"Pilutatud linane salvr\u00e4tik flamingo roosa"},"content":{"rendered":"<p>Pilutatud linane salvr\u00e4tik flamingo roosa v\u00e4rviga. 100% lina. Suurus 43 x 43 cm. Saadaval erinevates v\u00e4rvides.<\/p>\n<div id=\"gtx-trans\" style=\"position: absolute; left: 692px; top: 40.2px;\">\n<div class=\"gtx-trans-icon\"><\/div>\n<\/div>\n","protected":false},"excerpt":{"rendered":"<ul class=\"list-dash\">\n<li>1 tk<\/li>\n<li>Pilutatud \u00e4\u00e4red<\/li>\n<li>saadaval erinevates v\u00e4rvides<\/li>\n<li>43 x 43 cm<\/li>\n<li>100% lina<\/li>\n<\/ul>\n<p><a href=\"https:\/\/vetafashion.com\/et\/product\/pilutatud-linane-salvratik-flamingo-roos\/\" class=\"more-link button\">Loe edasi<\/a><\/p>","protected":false},"featured_media":39789,"comment_status":"open","ping_status":"closed","template":"","meta":{"_acf_changed":false},"product_brand":[],"product_cat":[989],"product_tag":[1133,1135,1134,1136,1137],"class_list":{"0":"post-39882","1":"product","2":"type-product","3":"status-publish","4":"has-post-thumbnail","6":"product_cat-salvratikud","7":"product_tag-linane-salvratik","8":"product_tag-linane-salvratik-osta-online","9":"product_tag-444-8-3","10":"product_tag-lnyanye-salfekti-et","11":"product_tag-salfetki-iz-lna-et","12":"entry","13":"clearfix","15":"first","16":"instock","17":"taxable","18":"shipping-taxable","19":"purchasable","20":"product-type-simple"},"acf":[],"_links":{"self":[{"href":"https:\/\/vetafashion.com\/et\/wp-json\/wp\/v2\/product\/39882","targetHints":{"allow":["GET"]}}],"collection":[{"href":"https:\/\/vetafashion.com\/et\/wp-json\/wp\/v2\/product"}],"about":[{"href":"https:\/\/vetafashion.com\/et\/wp-json\/wp\/v2\/types\/product"}],"replies":[{"embeddable":true,"href":"https:\/\/vetafashion.com\/et\/wp-json\/wp\/v2\/comments?post=39882"}],"wp:featuredmedia":[{"embeddable":true,"href":"https:\/\/vetafashion.com\/et\/wp-json\/wp\/v2\/media\/39789"}],"wp:attachment":[{"href":"https:\/\/vetafashion.com\/et\/wp-json\/wp\/v2\/media?parent=39882"}],"wp:term":[{"taxonomy":"product_brand","embeddable":true,"href":"https:\/\/vetafashion.com\/et\/wp-json\/wp\/v2\/product_brand?post=39882"},{"taxonomy":"product_cat","embeddable":true,"href":"https:\/\/vetafashion.com\/et\/wp-json\/wp\/v2\/product_cat?post=39882"},{"taxonomy":"product_tag","embeddable":true,"href":"https:\/\/vetafashion.com\/et\/wp-json\/wp\/v2\/product_tag?post=39882"}],"curies":[{"name":"wp","href":"https:\/\/api.w.org\/{rel}","templated":true}]}}