{"id":40357,"date":"2019-11-29T13:43:08","date_gmt":"2019-11-29T11:43:10","guid":{"rendered":"https:\/\/vetafashion.com\/?post_type=product&#038;p=40357"},"modified":"2025-06-24T14:14:59","modified_gmt":"2025-06-24T11:14:59","slug":"pilutatud-linane-salvratik-tumeroheline","status":"publish","type":"product","link":"https:\/\/vetafashion.com\/et\/product\/pilutatud-linane-salvratik-tumeroheline\/","title":{"rendered":"Pilutatud Linane Salvr\u00e4tik tumeroheline"},"content":{"rendered":"<p>Pilutatud salvr\u00e4tik. 100% lina. Suurus 43 x 43 cm. Saadaval erinevates v\u00e4rvides.<\/p>\n","protected":false},"excerpt":{"rendered":"<ul class=\"list-dash\">\n<li>1 tk<\/li>\n<li>Pilutatud \u00e4\u00e4red<\/li>\n<li>saadaval erinevates v\u00e4rvides<\/li>\n<li>43 x 43 cm<\/li>\n<li>100% lina<\/li>\n<\/ul>\n<p><a href=\"https:\/\/vetafashion.com\/et\/product\/pilutatud-linane-salvratik-tumeroheline\/\" class=\"more-link button\">Loe edasi<\/a><\/p>","protected":false},"featured_media":40266,"comment_status":"open","ping_status":"closed","template":"","meta":{"_acf_changed":false},"product_brand":[],"product_cat":[1554,983,989],"product_tag":[],"class_list":{"0":"post-40357","1":"product","2":"type-product","3":"status-publish","4":"has-post-thumbnail","6":"product_cat-allahindlus","7":"product_cat-joulud","8":"product_cat-salvratikud","9":"entry","10":"clearfix","12":"first","13":"instock","14":"sale","15":"taxable","16":"shipping-taxable","17":"purchasable","18":"product-type-simple"},"acf":[],"_links":{"self":[{"href":"https:\/\/vetafashion.com\/et\/wp-json\/wp\/v2\/product\/40357","targetHints":{"allow":["GET"]}}],"collection":[{"href":"https:\/\/vetafashion.com\/et\/wp-json\/wp\/v2\/product"}],"about":[{"href":"https:\/\/vetafashion.com\/et\/wp-json\/wp\/v2\/types\/product"}],"replies":[{"embeddable":true,"href":"https:\/\/vetafashion.com\/et\/wp-json\/wp\/v2\/comments?post=40357"}],"wp:featuredmedia":[{"embeddable":true,"href":"https:\/\/vetafashion.com\/et\/wp-json\/wp\/v2\/media\/40266"}],"wp:attachment":[{"href":"https:\/\/vetafashion.com\/et\/wp-json\/wp\/v2\/media?parent=40357"}],"wp:term":[{"taxonomy":"product_brand","embeddable":true,"href":"https:\/\/vetafashion.com\/et\/wp-json\/wp\/v2\/product_brand?post=40357"},{"taxonomy":"product_cat","embeddable":true,"href":"https:\/\/vetafashion.com\/et\/wp-json\/wp\/v2\/product_cat?post=40357"},{"taxonomy":"product_tag","embeddable":true,"href":"https:\/\/vetafashion.com\/et\/wp-json\/wp\/v2\/product_tag?post=40357"}],"curies":[{"name":"wp","href":"https:\/\/api.w.org\/{rel}","templated":true}]}}