{"id":40361,"date":"2019-11-29T14:12:14","date_gmt":"2019-11-29T12:12:16","guid":{"rendered":"https:\/\/vetafashion.com\/?post_type=product&#038;p=40361"},"modified":"2019-11-29T14:22:56","modified_gmt":"2019-11-29T12:22:56","slug":"kindade-mustriga-linane-salvratik","status":"publish","type":"product","link":"https:\/\/vetafashion.com\/et\/product\/kindade-mustriga-linane-salvratik\/","title":{"rendered":"\u201cKindade\u201d mustriga linane salvr\u00e4tik"},"content":{"rendered":"<p>Linane salvr\u00e4tik J\u00f5ulumustriga &#8220;J\u00f5ulukindad&#8221;. Kangas 50% lina 50% puuvill. Suurus 45 x 45 cm. Elegantne aksessuaar oma lauale, mis aitab luua hubase atmosf\u00e4\u00e4ri.<\/p>\n<div id=\"gtx-trans\" style=\"position: absolute; left: 672px; top: 40.2px;\">\n<div class=\"gtx-trans-icon\"><\/div>\n<\/div>\n","protected":false},"excerpt":{"rendered":"<ul class=\"list-dash\">\n<li>j\u00f5ulumustriga &#8220;J\u00f5ulukindad&#8221;<\/li>\n<li>suurus 45 x 45 cm<\/li>\n<li>50% lina 50% puuvill<\/li>\n<\/ul>\n<div id=\"gtx-trans\" style=\"position: absolute; left: 219px; top: 40.2px;\">\n<div class=\"gtx-trans-icon\"><\/div>\n<\/div>\n<p><a href=\"https:\/\/vetafashion.com\/et\/product\/kindade-mustriga-linane-salvratik\/\" class=\"more-link button\">Loe edasi<\/a><\/p>","protected":false},"featured_media":40333,"comment_status":"open","ping_status":"closed","template":"","meta":{"_acf_changed":false},"product_brand":[],"product_cat":[983,989],"product_tag":[],"class_list":{"0":"post-40361","1":"product","2":"type-product","3":"status-publish","4":"has-post-thumbnail","6":"product_cat-joulud","7":"product_cat-salvratikud","8":"entry","9":"clearfix","11":"first","12":"instock","13":"taxable","14":"shipping-taxable","15":"purchasable","16":"product-type-simple"},"acf":[],"_links":{"self":[{"href":"https:\/\/vetafashion.com\/et\/wp-json\/wp\/v2\/product\/40361","targetHints":{"allow":["GET"]}}],"collection":[{"href":"https:\/\/vetafashion.com\/et\/wp-json\/wp\/v2\/product"}],"about":[{"href":"https:\/\/vetafashion.com\/et\/wp-json\/wp\/v2\/types\/product"}],"replies":[{"embeddable":true,"href":"https:\/\/vetafashion.com\/et\/wp-json\/wp\/v2\/comments?post=40361"}],"wp:featuredmedia":[{"embeddable":true,"href":"https:\/\/vetafashion.com\/et\/wp-json\/wp\/v2\/media\/40333"}],"wp:attachment":[{"href":"https:\/\/vetafashion.com\/et\/wp-json\/wp\/v2\/media?parent=40361"}],"wp:term":[{"taxonomy":"product_brand","embeddable":true,"href":"https:\/\/vetafashion.com\/et\/wp-json\/wp\/v2\/product_brand?post=40361"},{"taxonomy":"product_cat","embeddable":true,"href":"https:\/\/vetafashion.com\/et\/wp-json\/wp\/v2\/product_cat?post=40361"},{"taxonomy":"product_tag","embeddable":true,"href":"https:\/\/vetafashion.com\/et\/wp-json\/wp\/v2\/product_tag?post=40361"}],"curies":[{"name":"wp","href":"https:\/\/api.w.org\/{rel}","templated":true}]}}