{"id":40761,"date":"2019-12-03T13:27:43","date_gmt":"2019-12-03T11:27:45","guid":{"rendered":"https:\/\/vetafashion.com\/?post_type=product&#038;p=40761"},"modified":"2019-12-03T13:41:55","modified_gmt":"2019-12-03T11:41:55","slug":"ookulli-mustriga-linane-pajakinnas","status":"publish","type":"product","link":"https:\/\/vetafashion.com\/et\/product\/ookulli-mustriga-linane-pajakinnas\/","title":{"rendered":"&#8220;\u00d6\u00f6kulli&#8221; mustriga linane pajakinnas"},"content":{"rendered":"<p>&#8220;\u00d6\u00f6kulli&#8221; mustriga linane pajakinnas. 50% lina ja 50% puuvill.<\/p>\n","protected":false},"excerpt":{"rendered":"<ul class=\"list-dash\">\n<li>&#8220;\u00d6\u00f6kulli&#8221; mustriga linane pajakinnas<\/li>\n<li>tehtud Eestis<\/li>\n<li>50% lina 50% puuvill<\/li>\n<\/ul>\n<p><a href=\"https:\/\/vetafashion.com\/et\/product\/ookulli-mustriga-linane-pajakinnas\/\" class=\"more-link button\">Loe edasi<\/a><\/p>","protected":false},"featured_media":40449,"comment_status":"open","ping_status":"closed","template":"","meta":{"_acf_changed":false},"product_brand":[],"product_cat":[990],"product_tag":[],"class_list":{"0":"post-40761","1":"product","2":"type-product","3":"status-publish","4":"has-post-thumbnail","6":"product_cat-pajakinnas","7":"entry","8":"clearfix","10":"first","11":"outofstock","12":"taxable","13":"shipping-taxable","14":"purchasable","15":"product-type-simple"},"acf":[],"_links":{"self":[{"href":"https:\/\/vetafashion.com\/et\/wp-json\/wp\/v2\/product\/40761","targetHints":{"allow":["GET"]}}],"collection":[{"href":"https:\/\/vetafashion.com\/et\/wp-json\/wp\/v2\/product"}],"about":[{"href":"https:\/\/vetafashion.com\/et\/wp-json\/wp\/v2\/types\/product"}],"replies":[{"embeddable":true,"href":"https:\/\/vetafashion.com\/et\/wp-json\/wp\/v2\/comments?post=40761"}],"wp:featuredmedia":[{"embeddable":true,"href":"https:\/\/vetafashion.com\/et\/wp-json\/wp\/v2\/media\/40449"}],"wp:attachment":[{"href":"https:\/\/vetafashion.com\/et\/wp-json\/wp\/v2\/media?parent=40761"}],"wp:term":[{"taxonomy":"product_brand","embeddable":true,"href":"https:\/\/vetafashion.com\/et\/wp-json\/wp\/v2\/product_brand?post=40761"},{"taxonomy":"product_cat","embeddable":true,"href":"https:\/\/vetafashion.com\/et\/wp-json\/wp\/v2\/product_cat?post=40761"},{"taxonomy":"product_tag","embeddable":true,"href":"https:\/\/vetafashion.com\/et\/wp-json\/wp\/v2\/product_tag?post=40761"}],"curies":[{"name":"wp","href":"https:\/\/api.w.org\/{rel}","templated":true}]}}