{"id":41035,"date":"2019-12-04T14:17:10","date_gmt":"2019-12-04T12:17:12","guid":{"rendered":"https:\/\/vetafashion.com\/?post_type=product&#038;p=41035"},"modified":"2019-12-04T14:20:12","modified_gmt":"2019-12-04T12:20:12","slug":"ookulli-mustriga-linane-koogiratik-2","status":"publish","type":"product","link":"https:\/\/vetafashion.com\/et\/product\/ookulli-mustriga-linane-koogiratik-2\/","title":{"rendered":"\u201c\u00d6\u00f6kulli\u201d mustriga linane k\u00f6\u00f6gir\u00e4tik"},"content":{"rendered":"<p>\u201c\u00d6\u00f6kulli\u201d mustriga linane k\u00f6\u00f6gir\u00e4tik.\u00a050% lina 50% puuvill. Suurus 45 x 65 cm.<\/p>\n","protected":false},"excerpt":{"rendered":"<ul class=\"list-dash\">\n<li>\u201c\u00d6\u00f6kulli\u201d mustriga linane k\u00f6\u00f6gir\u00e4tik<\/li>\n<li>45 x 65 cm<\/li>\n<li>50% lina 50% puuvill<\/li>\n<\/ul>\n<p><a href=\"https:\/\/vetafashion.com\/et\/product\/ookulli-mustriga-linane-koogiratik-2\/\" class=\"more-link button\">Loe edasi<\/a><\/p>","protected":false},"featured_media":40995,"comment_status":"open","ping_status":"closed","template":"","meta":{"_acf_changed":false},"product_brand":[],"product_cat":[988],"product_tag":[],"class_list":{"0":"post-41035","1":"product","2":"type-product","3":"status-publish","4":"has-post-thumbnail","6":"product_cat-koogiratik","7":"entry","8":"clearfix","10":"first","11":"instock","12":"taxable","13":"shipping-taxable","14":"purchasable","15":"product-type-simple"},"acf":[],"_links":{"self":[{"href":"https:\/\/vetafashion.com\/et\/wp-json\/wp\/v2\/product\/41035","targetHints":{"allow":["GET"]}}],"collection":[{"href":"https:\/\/vetafashion.com\/et\/wp-json\/wp\/v2\/product"}],"about":[{"href":"https:\/\/vetafashion.com\/et\/wp-json\/wp\/v2\/types\/product"}],"replies":[{"embeddable":true,"href":"https:\/\/vetafashion.com\/et\/wp-json\/wp\/v2\/comments?post=41035"}],"wp:featuredmedia":[{"embeddable":true,"href":"https:\/\/vetafashion.com\/et\/wp-json\/wp\/v2\/media\/40995"}],"wp:attachment":[{"href":"https:\/\/vetafashion.com\/et\/wp-json\/wp\/v2\/media?parent=41035"}],"wp:term":[{"taxonomy":"product_brand","embeddable":true,"href":"https:\/\/vetafashion.com\/et\/wp-json\/wp\/v2\/product_brand?post=41035"},{"taxonomy":"product_cat","embeddable":true,"href":"https:\/\/vetafashion.com\/et\/wp-json\/wp\/v2\/product_cat?post=41035"},{"taxonomy":"product_tag","embeddable":true,"href":"https:\/\/vetafashion.com\/et\/wp-json\/wp\/v2\/product_tag?post=41035"}],"curies":[{"name":"wp","href":"https:\/\/api.w.org\/{rel}","templated":true}]}}