{"id":41038,"date":"2019-12-04T14:21:11","date_gmt":"2019-12-04T12:21:13","guid":{"rendered":"https:\/\/vetafashion.com\/?post_type=product&#038;p=41038"},"modified":"2019-12-04T14:25:36","modified_gmt":"2019-12-04T12:25:36","slug":"rebase-mustriga-linane-koogiratik","status":"publish","type":"product","link":"https:\/\/vetafashion.com\/et\/product\/rebase-mustriga-linane-koogiratik\/","title":{"rendered":"\u201cRebase\u201d mustriga linane k\u00f6\u00f6gir\u00e4tik"},"content":{"rendered":"<p>\u201cRebase\u201d mustriga linane k\u00f6\u00f6gir\u00e4tik.\u00a050% lina 50% puuvill. Suurus 45 x 65 cm.<\/p>\n","protected":false},"excerpt":{"rendered":"<ul class=\"list-dash\">\n<li>\u201cRebase\u201d mustriga linane k\u00f6\u00f6gir\u00e4tik<\/li>\n<li>45 x 65 cm<\/li>\n<li>50% lina 50% puuvill<\/li>\n<\/ul>\n<p><a href=\"https:\/\/vetafashion.com\/et\/product\/rebase-mustriga-linane-koogiratik\/\" class=\"more-link button\">Loe edasi<\/a><\/p>","protected":false},"featured_media":40965,"comment_status":"open","ping_status":"closed","template":"","meta":{"_acf_changed":false},"product_brand":[],"product_cat":[983,988],"product_tag":[],"class_list":{"0":"post-41038","1":"product","2":"type-product","3":"status-publish","4":"has-post-thumbnail","6":"product_cat-joulud","7":"product_cat-koogiratik","8":"entry","9":"clearfix","11":"first","12":"instock","13":"taxable","14":"shipping-taxable","15":"purchasable","16":"product-type-simple"},"acf":[],"_links":{"self":[{"href":"https:\/\/vetafashion.com\/et\/wp-json\/wp\/v2\/product\/41038","targetHints":{"allow":["GET"]}}],"collection":[{"href":"https:\/\/vetafashion.com\/et\/wp-json\/wp\/v2\/product"}],"about":[{"href":"https:\/\/vetafashion.com\/et\/wp-json\/wp\/v2\/types\/product"}],"replies":[{"embeddable":true,"href":"https:\/\/vetafashion.com\/et\/wp-json\/wp\/v2\/comments?post=41038"}],"wp:featuredmedia":[{"embeddable":true,"href":"https:\/\/vetafashion.com\/et\/wp-json\/wp\/v2\/media\/40965"}],"wp:attachment":[{"href":"https:\/\/vetafashion.com\/et\/wp-json\/wp\/v2\/media?parent=41038"}],"wp:term":[{"taxonomy":"product_brand","embeddable":true,"href":"https:\/\/vetafashion.com\/et\/wp-json\/wp\/v2\/product_brand?post=41038"},{"taxonomy":"product_cat","embeddable":true,"href":"https:\/\/vetafashion.com\/et\/wp-json\/wp\/v2\/product_cat?post=41038"},{"taxonomy":"product_tag","embeddable":true,"href":"https:\/\/vetafashion.com\/et\/wp-json\/wp\/v2\/product_tag?post=41038"}],"curies":[{"name":"wp","href":"https:\/\/api.w.org\/{rel}","templated":true}]}}