{"id":41370,"date":"2020-07-13T09:15:54","date_gmt":"2019-12-05T10:32:56","guid":{"rendered":"https:\/\/vetafashion.com\/?post_type=product&#038;p=41370"},"modified":"2022-01-13T00:17:10","modified_gmt":"2022-01-12T22:17:10","slug":"linane-kivipestud-padjapuur","status":"publish","type":"product","link":"https:\/\/vetafashion.com\/et\/product\/linane-kivipestud-padjapuur\/","title":{"rendered":"Linane kivipestud padjap\u00fc\u00fcr"},"content":{"rendered":"<p>Linane kivipestud triibuline padjap\u00fc\u00fcr. Suurus 50 x 60 cm. 60 x 70 cm.<\/p>\n","protected":false},"excerpt":{"rendered":"<ul class=\"list-dash\">\n<li>triibuline<\/li>\n<li>sinine \/ valge<\/li>\n<li>50 x 60 cm,\u00a0 60 x 70 cm<\/li>\n<li>100% lina<\/li>\n<\/ul>\n<p>&nbsp;<\/p>\n<p><a href=\"https:\/\/vetafashion.com\/et\/product\/linane-kivipestud-padjapuur\/\" class=\"more-link button\">Loe edasi<\/a><\/p>","protected":false},"featured_media":41116,"comment_status":"open","ping_status":"closed","template":"","meta":{"_acf_changed":false},"product_brand":[],"product_cat":[985,991],"product_tag":[],"class_list":{"0":"post-41370","1":"product","2":"type-product","3":"status-publish","4":"has-post-thumbnail","6":"product_cat-voodipesu","7":"product_cat-padjapuur","8":"entry","9":"clearfix","11":"first","12":"instock","13":"taxable","14":"shipping-taxable","15":"product-type-variable","16":"has-default-attributes"},"acf":[],"_links":{"self":[{"href":"https:\/\/vetafashion.com\/et\/wp-json\/wp\/v2\/product\/41370","targetHints":{"allow":["GET"]}}],"collection":[{"href":"https:\/\/vetafashion.com\/et\/wp-json\/wp\/v2\/product"}],"about":[{"href":"https:\/\/vetafashion.com\/et\/wp-json\/wp\/v2\/types\/product"}],"replies":[{"embeddable":true,"href":"https:\/\/vetafashion.com\/et\/wp-json\/wp\/v2\/comments?post=41370"}],"wp:featuredmedia":[{"embeddable":true,"href":"https:\/\/vetafashion.com\/et\/wp-json\/wp\/v2\/media\/41116"}],"wp:attachment":[{"href":"https:\/\/vetafashion.com\/et\/wp-json\/wp\/v2\/media?parent=41370"}],"wp:term":[{"taxonomy":"product_brand","embeddable":true,"href":"https:\/\/vetafashion.com\/et\/wp-json\/wp\/v2\/product_brand?post=41370"},{"taxonomy":"product_cat","embeddable":true,"href":"https:\/\/vetafashion.com\/et\/wp-json\/wp\/v2\/product_cat?post=41370"},{"taxonomy":"product_tag","embeddable":true,"href":"https:\/\/vetafashion.com\/et\/wp-json\/wp\/v2\/product_tag?post=41370"}],"curies":[{"name":"wp","href":"https:\/\/api.w.org\/{rel}","templated":true}]}}