{"id":43374,"date":"2020-07-02T10:05:41","date_gmt":"2020-02-12T12:43:12","guid":{"rendered":"https:\/\/vetafashion.com\/?post_type=product&#038;p=43374"},"modified":"2020-09-01T15:02:10","modified_gmt":"2020-09-01T12:02:10","slug":"nelson-vabalt-langev-mugava-loikega-linane-sark-valge","status":"publish","type":"product","link":"https:\/\/vetafashion.com\/et\/product\/nelson-vabalt-langev-mugava-loikega-linane-sark-valge\/","title":{"rendered":"Nelson vabalt langev mugava l\u00f5ikega linane s\u00e4rk valge"},"content":{"rendered":"<p>Vabalt langev&nbsp; linane s\u00e4rk.&nbsp;klassikaline krae ja pikkad varrukad. Rinnaesisel on peale\u00f5mmeldud tasku.<\/p>\n","protected":false},"excerpt":{"rendered":"<ul class=\"list-dash\">\n<li>pikkad varrukad<\/li>\n<li>mugava l\u00f5ikega<\/li>\n<li>klassikaline&nbsp;krae<\/li>\n<li>rinnaesisel on peale\u00f5mmeldud tasku<\/li>\n<li>Available in different colours<\/li>\n<li>100% linen<\/li>\n<li>modell kannab suurust: M<\/li>\n<\/ul>\n<p><a href=\"https:\/\/vetafashion.com\/et\/product\/nelson-vabalt-langev-mugava-loikega-linane-sark-valge\/\" class=\"more-link button\">Loe edasi<\/a><\/p>","protected":false},"featured_media":43518,"comment_status":"open","ping_status":"closed","template":"","meta":{"_acf_changed":false},"product_brand":[],"product_cat":[1003],"product_tag":[],"class_list":{"0":"post-43374","1":"product","2":"type-product","3":"status-publish","4":"has-post-thumbnail","6":"product_cat-sargid","7":"entry","8":"clearfix","10":"first","11":"instock","12":"taxable","13":"shipping-taxable","14":"purchasable","15":"product-type-variable","16":"has-default-attributes"},"acf":[],"_links":{"self":[{"href":"https:\/\/vetafashion.com\/et\/wp-json\/wp\/v2\/product\/43374","targetHints":{"allow":["GET"]}}],"collection":[{"href":"https:\/\/vetafashion.com\/et\/wp-json\/wp\/v2\/product"}],"about":[{"href":"https:\/\/vetafashion.com\/et\/wp-json\/wp\/v2\/types\/product"}],"replies":[{"embeddable":true,"href":"https:\/\/vetafashion.com\/et\/wp-json\/wp\/v2\/comments?post=43374"}],"wp:featuredmedia":[{"embeddable":true,"href":"https:\/\/vetafashion.com\/et\/wp-json\/wp\/v2\/media\/43518"}],"wp:attachment":[{"href":"https:\/\/vetafashion.com\/et\/wp-json\/wp\/v2\/media?parent=43374"}],"wp:term":[{"taxonomy":"product_brand","embeddable":true,"href":"https:\/\/vetafashion.com\/et\/wp-json\/wp\/v2\/product_brand?post=43374"},{"taxonomy":"product_cat","embeddable":true,"href":"https:\/\/vetafashion.com\/et\/wp-json\/wp\/v2\/product_cat?post=43374"},{"taxonomy":"product_tag","embeddable":true,"href":"https:\/\/vetafashion.com\/et\/wp-json\/wp\/v2\/product_tag?post=43374"}],"curies":[{"name":"wp","href":"https:\/\/api.w.org\/{rel}","templated":true}]}}