{"id":43795,"date":"2020-07-21T13:40:21","date_gmt":"2020-02-17T07:28:41","guid":{"rendered":"https:\/\/vetafashion.com\/?post_type=product&#038;p=43795"},"modified":"2023-09-16T09:26:33","modified_gmt":"2023-09-16T06:26:33","slug":"tomson-vabalt-langev-mugava-loikega-linane-sark-2","status":"publish","type":"product","link":"https:\/\/vetafashion.com\/et\/product\/tomson-vabalt-langev-mugava-loikega-linane-sark-2\/","title":{"rendered":"Tomson vabalt langev pruun linane meeste s\u00e4rk"},"content":{"rendered":"<p>Vabalt langev\u00a0 linane meeste s\u00e4rk. Klassikaline krae ja l\u00fchikesed varrukad. Rinnaesisel on peale\u00f5mmeldud tasku.<\/p>\n<div id=\"gtx-trans\" style=\"position: absolute; left: 176px; top: 65.8px;\">\n<div class=\"gtx-trans-icon\"><\/div>\n<\/div>\n","protected":false},"excerpt":{"rendered":"<ul class=\"list-dash\">\n<li>l\u00fchikesed varrukad<\/li>\n<li>mugava l\u00f5ikega<\/li>\n<li>klassikaline krae<\/li>\n<li>rinnaesisel on peale\u00f5mmeldud tasku<\/li>\n<li>v\u00e4rv pruun<\/li>\n<li>100% linen<\/li>\n<li>modell kannab suurust: M<\/li>\n<\/ul>\n<p><a href=\"https:\/\/vetafashion.com\/et\/product\/tomson-vabalt-langev-mugava-loikega-linane-sark-2\/\" class=\"more-link button\">Loe edasi<\/a><\/p>","protected":false},"featured_media":43530,"comment_status":"open","ping_status":"closed","template":"","meta":{"_acf_changed":false},"product_brand":[],"product_cat":[1003],"product_tag":[],"class_list":{"0":"post-43795","1":"product","2":"type-product","3":"status-publish","4":"has-post-thumbnail","6":"product_cat-sargid","7":"entry","8":"clearfix","10":"first","11":"instock","12":"taxable","13":"shipping-taxable","14":"purchasable","15":"product-type-variable","16":"has-default-attributes"},"acf":[],"_links":{"self":[{"href":"https:\/\/vetafashion.com\/et\/wp-json\/wp\/v2\/product\/43795","targetHints":{"allow":["GET"]}}],"collection":[{"href":"https:\/\/vetafashion.com\/et\/wp-json\/wp\/v2\/product"}],"about":[{"href":"https:\/\/vetafashion.com\/et\/wp-json\/wp\/v2\/types\/product"}],"replies":[{"embeddable":true,"href":"https:\/\/vetafashion.com\/et\/wp-json\/wp\/v2\/comments?post=43795"}],"wp:featuredmedia":[{"embeddable":true,"href":"https:\/\/vetafashion.com\/et\/wp-json\/wp\/v2\/media\/43530"}],"wp:attachment":[{"href":"https:\/\/vetafashion.com\/et\/wp-json\/wp\/v2\/media?parent=43795"}],"wp:term":[{"taxonomy":"product_brand","embeddable":true,"href":"https:\/\/vetafashion.com\/et\/wp-json\/wp\/v2\/product_brand?post=43795"},{"taxonomy":"product_cat","embeddable":true,"href":"https:\/\/vetafashion.com\/et\/wp-json\/wp\/v2\/product_cat?post=43795"},{"taxonomy":"product_tag","embeddable":true,"href":"https:\/\/vetafashion.com\/et\/wp-json\/wp\/v2\/product_tag?post=43795"}],"curies":[{"name":"wp","href":"https:\/\/api.w.org\/{rel}","templated":true}]}}