{"id":44377,"date":"2015-02-25T13:06:28","date_gmt":"2020-02-25T11:07:00","guid":{"rendered":"https:\/\/vetafashion.com\/?post_type=product&#038;p=44377"},"modified":"2022-06-24T21:19:39","modified_gmt":"2022-06-24T18:19:39","slug":"recardo-linast-kangast-mugavad-puksid-naturaalne","status":"publish","type":"product","link":"https:\/\/vetafashion.com\/et\/product\/recardo-linast-kangast-mugavad-puksid-naturaalne\/","title":{"rendered":"Recardo linast kangast mugavad p\u00fcksid naturaalne"},"content":{"rendered":"<p>Linast kangast mugavad sirgel\u00f5ikelised p\u00fcksid.\u00a0<span style=\"font-size: 1em;\">Esitaskud.<\/span><span style=\"font-size: 1em;\">\u00a0Taga on n\u00f6\u00f6pauktasku. Ees on luku ja n\u00f6\u00f6biga kinnis.<\/span><\/p>\n","protected":false},"excerpt":{"rendered":"<ul class=\"list-dash\">\n<li>esitaskud<\/li>\n<li><span style=\"font-size: 1em;\">taga on n\u00f6\u00f6pauktasku<\/span><\/li>\n<li><span style=\"font-size: 1em;\">ees on luku ja n\u00f6\u00f6biga kinnis<\/span><\/li>\n<li>naturaalne v\u00e4rvi<\/li>\n<li>100% lina<\/li>\n<li>modell kannab suurust: M<\/li>\n<\/ul>\n<p><a href=\"https:\/\/vetafashion.com\/et\/product\/recardo-linast-kangast-mugavad-puksid-naturaalne\/\" class=\"more-link button\">Loe edasi<\/a><\/p>","protected":false},"featured_media":43548,"comment_status":"open","ping_status":"closed","template":"","meta":{"_acf_changed":false},"product_brand":[],"product_cat":[1004],"product_tag":[],"class_list":{"0":"post-44377","1":"product","2":"type-product","3":"status-publish","4":"has-post-thumbnail","6":"product_cat-puksid","7":"entry","8":"clearfix","10":"first","11":"instock","12":"taxable","13":"shipping-taxable","14":"purchasable","15":"product-type-variable","16":"has-default-attributes"},"acf":[],"_links":{"self":[{"href":"https:\/\/vetafashion.com\/et\/wp-json\/wp\/v2\/product\/44377","targetHints":{"allow":["GET"]}}],"collection":[{"href":"https:\/\/vetafashion.com\/et\/wp-json\/wp\/v2\/product"}],"about":[{"href":"https:\/\/vetafashion.com\/et\/wp-json\/wp\/v2\/types\/product"}],"replies":[{"embeddable":true,"href":"https:\/\/vetafashion.com\/et\/wp-json\/wp\/v2\/comments?post=44377"}],"wp:featuredmedia":[{"embeddable":true,"href":"https:\/\/vetafashion.com\/et\/wp-json\/wp\/v2\/media\/43548"}],"wp:attachment":[{"href":"https:\/\/vetafashion.com\/et\/wp-json\/wp\/v2\/media?parent=44377"}],"wp:term":[{"taxonomy":"product_brand","embeddable":true,"href":"https:\/\/vetafashion.com\/et\/wp-json\/wp\/v2\/product_brand?post=44377"},{"taxonomy":"product_cat","embeddable":true,"href":"https:\/\/vetafashion.com\/et\/wp-json\/wp\/v2\/product_cat?post=44377"},{"taxonomy":"product_tag","embeddable":true,"href":"https:\/\/vetafashion.com\/et\/wp-json\/wp\/v2\/product_tag?post=44377"}],"curies":[{"name":"wp","href":"https:\/\/api.w.org\/{rel}","templated":true}]}}