{"id":45493,"date":"2015-03-16T05:30:04","date_gmt":"2020-03-12T07:44:18","guid":{"rendered":"https:\/\/vetafashion.com\/?post_type=product&#038;p=45493"},"modified":"2020-08-19T11:49:57","modified_gmt":"2020-08-19T08:49:57","slug":"filipa-kootud-kahevarviline-kleit-vooga-hall","status":"publish","type":"product","link":"https:\/\/vetafashion.com\/et\/product\/filipa-kootud-kahevarviline-kleit-vooga-hall\/","title":{"rendered":"Filipa kootud kahev\u00e4rviline kleit v\u00f6\u00f6ga hall"},"content":{"rendered":"<p>Kootud kahev\u00e4rviline viskoosi kleit v\u00f6\u00f6ga hall<\/p>\n<div id=\"gtx-trans\" style=\"position: absolute; left: -75px; top: 40.2px;\">\n<div class=\"gtx-trans-icon\"><\/div>\n<\/div>\n","protected":false},"excerpt":{"rendered":"<ul class=\"list-dash\">\n<li>Varruka pikkus k\u00fc\u00fcnarnukini<\/li>\n<li>kootud kleit<\/li>\n<li>O-kraega<\/li>\n<li>P\u00f5hiv\u00e4rv: gray<\/li>\n<li>modell kannab suurust: S<\/li>\n<li>modelli pikkus 177 cm<\/li>\n<li>69% viskoos 27% lina 4% akr\u00fc\u00fcl<\/li>\n<\/ul>\n<p><a href=\"https:\/\/vetafashion.com\/et\/product\/filipa-kootud-kahevarviline-kleit-vooga-hall\/\" class=\"more-link button\">Loe edasi<\/a><\/p>","protected":false},"featured_media":44859,"comment_status":"closed","ping_status":"closed","template":"","meta":{"_acf_changed":false},"product_brand":[],"product_cat":[977,978],"product_tag":[],"class_list":{"0":"post-45493","1":"product","2":"type-product","3":"status-publish","4":"has-post-thumbnail","6":"product_cat-naiste","7":"product_cat-kleidid","8":"entry","9":"clearfix","11":"first","12":"instock","13":"sale","14":"taxable","15":"shipping-taxable","16":"purchasable","17":"product-type-variable","18":"has-default-attributes"},"acf":[],"_links":{"self":[{"href":"https:\/\/vetafashion.com\/et\/wp-json\/wp\/v2\/product\/45493","targetHints":{"allow":["GET"]}}],"collection":[{"href":"https:\/\/vetafashion.com\/et\/wp-json\/wp\/v2\/product"}],"about":[{"href":"https:\/\/vetafashion.com\/et\/wp-json\/wp\/v2\/types\/product"}],"replies":[{"embeddable":true,"href":"https:\/\/vetafashion.com\/et\/wp-json\/wp\/v2\/comments?post=45493"}],"wp:featuredmedia":[{"embeddable":true,"href":"https:\/\/vetafashion.com\/et\/wp-json\/wp\/v2\/media\/44859"}],"wp:attachment":[{"href":"https:\/\/vetafashion.com\/et\/wp-json\/wp\/v2\/media?parent=45493"}],"wp:term":[{"taxonomy":"product_brand","embeddable":true,"href":"https:\/\/vetafashion.com\/et\/wp-json\/wp\/v2\/product_brand?post=45493"},{"taxonomy":"product_cat","embeddable":true,"href":"https:\/\/vetafashion.com\/et\/wp-json\/wp\/v2\/product_cat?post=45493"},{"taxonomy":"product_tag","embeddable":true,"href":"https:\/\/vetafashion.com\/et\/wp-json\/wp\/v2\/product_tag?post=45493"}],"curies":[{"name":"wp","href":"https:\/\/api.w.org\/{rel}","templated":true}]}}