{"id":55711,"date":"2020-06-05T15:14:05","date_gmt":"2020-06-05T12:14:10","guid":{"rendered":"https:\/\/vetafashion.com\/?post_type=product&#038;p=55711"},"modified":"2023-06-25T21:55:34","modified_gmt":"2023-06-25T18:55:34","slug":"dominica-vabalt-langev-mugava-loikega-linane-valge-sark","status":"publish","type":"product","link":"https:\/\/vetafashion.com\/et\/product\/dominica-vabalt-langev-mugava-loikega-linane-valge-sark\/","title":{"rendered":"Dominica vabalt langev mugava l\u00f5ikega linane valge s\u00e4rk"},"content":{"rendered":"<p>Vabalt langev linane s\u00e4rk. Klassikaline krae ja pikkad varrukad.<\/p>\n","protected":false},"excerpt":{"rendered":"<ul class=\"list-dash\">\n<li>pikkad varrukad<\/li>\n<li>mugava l\u00f5ikega<\/li>\n<li>klassikaline\u00a0krae<\/li>\n<li>100% lina<\/li>\n<li>modell kannab suurust: S<\/li>\n<\/ul>\n<p><a href=\"https:\/\/vetafashion.com\/et\/product\/dominica-vabalt-langev-mugava-loikega-linane-valge-sark\/\" class=\"more-link button\">Loe edasi<\/a><\/p>","protected":false},"featured_media":55674,"comment_status":"open","ping_status":"closed","template":"","meta":{"_acf_changed":false},"product_brand":[],"product_cat":[1245],"product_tag":[],"class_list":{"0":"post-55711","1":"product","2":"type-product","3":"status-publish","4":"has-post-thumbnail","6":"product_cat-pluusid","7":"entry","8":"clearfix","10":"first","11":"instock","12":"taxable","13":"shipping-taxable","14":"purchasable","15":"product-type-variable","16":"has-default-attributes"},"acf":[],"_links":{"self":[{"href":"https:\/\/vetafashion.com\/et\/wp-json\/wp\/v2\/product\/55711","targetHints":{"allow":["GET"]}}],"collection":[{"href":"https:\/\/vetafashion.com\/et\/wp-json\/wp\/v2\/product"}],"about":[{"href":"https:\/\/vetafashion.com\/et\/wp-json\/wp\/v2\/types\/product"}],"replies":[{"embeddable":true,"href":"https:\/\/vetafashion.com\/et\/wp-json\/wp\/v2\/comments?post=55711"}],"wp:featuredmedia":[{"embeddable":true,"href":"https:\/\/vetafashion.com\/et\/wp-json\/wp\/v2\/media\/55674"}],"wp:attachment":[{"href":"https:\/\/vetafashion.com\/et\/wp-json\/wp\/v2\/media?parent=55711"}],"wp:term":[{"taxonomy":"product_brand","embeddable":true,"href":"https:\/\/vetafashion.com\/et\/wp-json\/wp\/v2\/product_brand?post=55711"},{"taxonomy":"product_cat","embeddable":true,"href":"https:\/\/vetafashion.com\/et\/wp-json\/wp\/v2\/product_cat?post=55711"},{"taxonomy":"product_tag","embeddable":true,"href":"https:\/\/vetafashion.com\/et\/wp-json\/wp\/v2\/product_tag?post=55711"}],"curies":[{"name":"wp","href":"https:\/\/api.w.org\/{rel}","templated":true}]}}