{"id":56116,"date":"2020-07-20T17:00:31","date_gmt":"2020-06-08T08:44:36","guid":{"rendered":"https:\/\/vetafashion.com\/?post_type=product&#038;p=56116"},"modified":"2024-07-13T18:12:44","modified_gmt":"2024-07-13T15:12:44","slug":"mario-vabalt-langev-helehall-linane-meeste-sark","status":"publish","type":"product","link":"https:\/\/vetafashion.com\/et\/product\/mario-vabalt-langev-helehall-linane-meeste-sark\/","title":{"rendered":"Mario vabalt langev helehall linane meeste s\u00e4rk"},"content":{"rendered":"<p>Vabalt langev linane meeste s\u00e4rk. Klassikaline krae ja l\u00fchikesed varrukad. Rinnaesisel on peale\u00f5mmeldud tasku. 100% lina<\/p>\n<div id=\"gtx-trans\" style=\"position: absolute; left: 176px; top: 65.8px;\">\n<div class=\"gtx-trans-icon\"><\/div>\n<\/div>\n","protected":false},"excerpt":{"rendered":"<ul class=\"list-dash\">\n<li>l\u00fchikesed varrukad<\/li>\n<li>mugava l\u00f5ikega<\/li>\n<li>klassikaline krae<\/li>\n<li>rinnaesisel on peale\u00f5mmeldud tasku<\/li>\n<li>v\u00e4rv pruun<\/li>\n<li>100% linen<\/li>\n<li>modell kannab suurust: M<\/li>\n<\/ul>\n<p><a href=\"https:\/\/vetafashion.com\/et\/product\/mario-vabalt-langev-helehall-linane-meeste-sark\/\" class=\"more-link button\">Loe edasi<\/a><\/p>","protected":false},"featured_media":55653,"comment_status":"open","ping_status":"closed","template":"","meta":{"_acf_changed":false},"product_brand":[],"product_cat":[1003],"product_tag":[],"class_list":{"0":"post-56116","1":"product","2":"type-product","3":"status-publish","4":"has-post-thumbnail","6":"product_cat-sargid","7":"entry","8":"clearfix","10":"first","11":"instock","12":"taxable","13":"shipping-taxable","14":"purchasable","15":"product-type-variable","16":"has-default-attributes"},"acf":[],"_links":{"self":[{"href":"https:\/\/vetafashion.com\/et\/wp-json\/wp\/v2\/product\/56116","targetHints":{"allow":["GET"]}}],"collection":[{"href":"https:\/\/vetafashion.com\/et\/wp-json\/wp\/v2\/product"}],"about":[{"href":"https:\/\/vetafashion.com\/et\/wp-json\/wp\/v2\/types\/product"}],"replies":[{"embeddable":true,"href":"https:\/\/vetafashion.com\/et\/wp-json\/wp\/v2\/comments?post=56116"}],"wp:featuredmedia":[{"embeddable":true,"href":"https:\/\/vetafashion.com\/et\/wp-json\/wp\/v2\/media\/55653"}],"wp:attachment":[{"href":"https:\/\/vetafashion.com\/et\/wp-json\/wp\/v2\/media?parent=56116"}],"wp:term":[{"taxonomy":"product_brand","embeddable":true,"href":"https:\/\/vetafashion.com\/et\/wp-json\/wp\/v2\/product_brand?post=56116"},{"taxonomy":"product_cat","embeddable":true,"href":"https:\/\/vetafashion.com\/et\/wp-json\/wp\/v2\/product_cat?post=56116"},{"taxonomy":"product_tag","embeddable":true,"href":"https:\/\/vetafashion.com\/et\/wp-json\/wp\/v2\/product_tag?post=56116"}],"curies":[{"name":"wp","href":"https:\/\/api.w.org\/{rel}","templated":true}]}}