{"id":56141,"date":"2020-07-20T17:10:45","date_gmt":"2020-06-08T08:58:49","guid":{"rendered":"https:\/\/vetafashion.com\/?post_type=product&#038;p=56141"},"modified":"2020-06-08T12:08:32","modified_gmt":"2020-06-08T09:08:32","slug":"mario-vabalt-langev-must-linane-meeste-sark","status":"publish","type":"product","link":"https:\/\/vetafashion.com\/et\/product\/mario-vabalt-langev-must-linane-meeste-sark\/","title":{"rendered":"Mario vabalt langev must linane meeste s\u00e4rk"},"content":{"rendered":"<p>Vabalt langev linane meeste s\u00e4rk. Klassikaline krae ja l\u00fchikesed varrukad. Rinnaesisel on peale\u00f5mmeldud tasku. 100% lina<\/p>\n<div id=\"gtx-trans\" style=\"position: absolute; left: 176px; top: 65.8px;\">\n<div class=\"gtx-trans-icon\"><\/div>\n<\/div>\n","protected":false},"excerpt":{"rendered":"<ul class=\"list-dash\">\n<li>l\u00fchikesed varrukad<\/li>\n<li>mugava l\u00f5ikega<\/li>\n<li>klassikaline krae<\/li>\n<li>rinnaesisel on peale\u00f5mmeldud tasku<\/li>\n<li>100% linen<\/li>\n<\/ul>\n<p><a href=\"https:\/\/vetafashion.com\/et\/product\/mario-vabalt-langev-must-linane-meeste-sark\/\" class=\"more-link button\">Loe edasi<\/a><\/p>","protected":false},"featured_media":55650,"comment_status":"open","ping_status":"closed","template":"","meta":{"_acf_changed":false},"product_brand":[],"product_cat":[1003],"product_tag":[],"class_list":{"0":"post-56141","1":"product","2":"type-product","3":"status-publish","4":"has-post-thumbnail","6":"product_cat-sargid","7":"entry","8":"clearfix","10":"first","11":"instock","12":"taxable","13":"shipping-taxable","14":"product-type-variable","15":"has-default-attributes"},"acf":[],"_links":{"self":[{"href":"https:\/\/vetafashion.com\/et\/wp-json\/wp\/v2\/product\/56141","targetHints":{"allow":["GET"]}}],"collection":[{"href":"https:\/\/vetafashion.com\/et\/wp-json\/wp\/v2\/product"}],"about":[{"href":"https:\/\/vetafashion.com\/et\/wp-json\/wp\/v2\/types\/product"}],"replies":[{"embeddable":true,"href":"https:\/\/vetafashion.com\/et\/wp-json\/wp\/v2\/comments?post=56141"}],"wp:featuredmedia":[{"embeddable":true,"href":"https:\/\/vetafashion.com\/et\/wp-json\/wp\/v2\/media\/55650"}],"wp:attachment":[{"href":"https:\/\/vetafashion.com\/et\/wp-json\/wp\/v2\/media?parent=56141"}],"wp:term":[{"taxonomy":"product_brand","embeddable":true,"href":"https:\/\/vetafashion.com\/et\/wp-json\/wp\/v2\/product_brand?post=56141"},{"taxonomy":"product_cat","embeddable":true,"href":"https:\/\/vetafashion.com\/et\/wp-json\/wp\/v2\/product_cat?post=56141"},{"taxonomy":"product_tag","embeddable":true,"href":"https:\/\/vetafashion.com\/et\/wp-json\/wp\/v2\/product_tag?post=56141"}],"curies":[{"name":"wp","href":"https:\/\/api.w.org\/{rel}","templated":true}]}}