{"id":57047,"date":"2015-03-20T08:00:23","date_gmt":"2020-06-10T06:17:25","guid":{"rendered":"https:\/\/vetafashion.com\/?post_type=product&#038;p=57047"},"modified":"2020-06-11T15:04:31","modified_gmt":"2020-06-11T12:04:31","slug":"afina-azuurne-linane-pontso-naturaalne","status":"publish","type":"product","link":"https:\/\/vetafashion.com\/et\/product\/afina-azuurne-linane-pontso-naturaalne\/","title":{"rendered":"Afina a\u017euurne linane pont\u0161o naturaalne"},"content":{"rendered":"<p>A\u017euurne linane pont\u0161o. 100% lina<\/p>\n","protected":false},"excerpt":{"rendered":"<ul class=\"list-dash\">\n<li>Kena suvine a\u017euurne keep<\/li>\n<li>Saadaval erinevates v\u00e4rvides<\/li>\n<li>\u00fcks suurus<\/li>\n<li>100%lina<\/li>\n<\/ul>\n<p>&nbsp;<\/p>\n<p><a href=\"https:\/\/vetafashion.com\/et\/product\/afina-azuurne-linane-pontso-naturaalne\/\" class=\"more-link button\">Loe edasi<\/a><\/p>","protected":false},"featured_media":14163,"comment_status":"closed","ping_status":"closed","template":"","meta":{"_acf_changed":false},"product_brand":[],"product_cat":[977,1010],"product_tag":[],"class_list":{"0":"post-57047","1":"product","2":"type-product","3":"status-publish","4":"has-post-thumbnail","6":"product_cat-naiste","7":"product_cat-pontso","8":"entry","9":"clearfix","11":"first","12":"instock","13":"taxable","14":"shipping-taxable","15":"purchasable","16":"product-type-simple"},"acf":[],"_links":{"self":[{"href":"https:\/\/vetafashion.com\/et\/wp-json\/wp\/v2\/product\/57047","targetHints":{"allow":["GET"]}}],"collection":[{"href":"https:\/\/vetafashion.com\/et\/wp-json\/wp\/v2\/product"}],"about":[{"href":"https:\/\/vetafashion.com\/et\/wp-json\/wp\/v2\/types\/product"}],"replies":[{"embeddable":true,"href":"https:\/\/vetafashion.com\/et\/wp-json\/wp\/v2\/comments?post=57047"}],"wp:featuredmedia":[{"embeddable":true,"href":"https:\/\/vetafashion.com\/et\/wp-json\/wp\/v2\/media\/14163"}],"wp:attachment":[{"href":"https:\/\/vetafashion.com\/et\/wp-json\/wp\/v2\/media?parent=57047"}],"wp:term":[{"taxonomy":"product_brand","embeddable":true,"href":"https:\/\/vetafashion.com\/et\/wp-json\/wp\/v2\/product_brand?post=57047"},{"taxonomy":"product_cat","embeddable":true,"href":"https:\/\/vetafashion.com\/et\/wp-json\/wp\/v2\/product_cat?post=57047"},{"taxonomy":"product_tag","embeddable":true,"href":"https:\/\/vetafashion.com\/et\/wp-json\/wp\/v2\/product_tag?post=57047"}],"curies":[{"name":"wp","href":"https:\/\/api.w.org\/{rel}","templated":true}]}}