{"id":57106,"date":"2015-03-21T08:31:25","date_gmt":"2020-06-10T07:51:27","guid":{"rendered":"https:\/\/vetafashion.com\/?post_type=product&#038;p=57106"},"modified":"2020-11-02T16:43:59","modified_gmt":"2020-11-02T14:43:59","slug":"brita-linane-pontso-kollane-valge","status":"publish","type":"product","link":"https:\/\/vetafashion.com\/et\/product\/brita-linane-pontso-kollane-valge\/","title":{"rendered":"Brita linane pont\u0161o kollane-valge"},"content":{"rendered":"<p>linane pont\u0161o<\/p>\n","protected":false},"excerpt":{"rendered":"<p>Kena suvine linane keep. Kontrastse kandiga \u00e4\u00e4red lisavad teie stiilile hoogu. Saadaval erinevates v\u00e4rvides. Linane kudum jahutab kuumadel ilmadel. Eksperimenteerige julgelt, kuna selle eseme kandmiseks on palju v\u00f5imalusi. Tehtud Eestis!<\/p>\n<p><a href=\"https:\/\/vetafashion.com\/et\/product\/brita-linane-pontso-kollane-valge\/\" class=\"more-link button\">Loe edasi<\/a><\/p>","protected":false},"featured_media":11975,"comment_status":"open","ping_status":"closed","template":"","meta":{"_acf_changed":false},"product_brand":[],"product_cat":[977,1010],"product_tag":[],"class_list":{"0":"post-57106","1":"product","2":"type-product","3":"status-publish","4":"has-post-thumbnail","6":"product_cat-naiste","7":"product_cat-pontso","8":"entry","9":"clearfix","11":"first","12":"instock","13":"taxable","14":"shipping-taxable","15":"purchasable","16":"product-type-simple"},"acf":[],"_links":{"self":[{"href":"https:\/\/vetafashion.com\/et\/wp-json\/wp\/v2\/product\/57106","targetHints":{"allow":["GET"]}}],"collection":[{"href":"https:\/\/vetafashion.com\/et\/wp-json\/wp\/v2\/product"}],"about":[{"href":"https:\/\/vetafashion.com\/et\/wp-json\/wp\/v2\/types\/product"}],"replies":[{"embeddable":true,"href":"https:\/\/vetafashion.com\/et\/wp-json\/wp\/v2\/comments?post=57106"}],"wp:featuredmedia":[{"embeddable":true,"href":"https:\/\/vetafashion.com\/et\/wp-json\/wp\/v2\/media\/11975"}],"wp:attachment":[{"href":"https:\/\/vetafashion.com\/et\/wp-json\/wp\/v2\/media?parent=57106"}],"wp:term":[{"taxonomy":"product_brand","embeddable":true,"href":"https:\/\/vetafashion.com\/et\/wp-json\/wp\/v2\/product_brand?post=57106"},{"taxonomy":"product_cat","embeddable":true,"href":"https:\/\/vetafashion.com\/et\/wp-json\/wp\/v2\/product_cat?post=57106"},{"taxonomy":"product_tag","embeddable":true,"href":"https:\/\/vetafashion.com\/et\/wp-json\/wp\/v2\/product_tag?post=57106"}],"curies":[{"name":"wp","href":"https:\/\/api.w.org\/{rel}","templated":true}]}}