{"id":59608,"date":"2014-08-21T10:56:13","date_gmt":"2020-06-16T07:56:15","guid":{"rendered":"https:\/\/vetafashion.com\/?post_type=product&#038;p=59608"},"modified":"2020-06-16T11:00:18","modified_gmt":"2020-06-16T08:00:18","slug":"merinovillast-podramustriga-kootud-padjakate-khaki","status":"publish","type":"product","link":"https:\/\/vetafashion.com\/et\/product\/merinovillast-podramustriga-kootud-padjakate-khaki\/","title":{"rendered":"Merinovillast p\u00f5dramustriga kootud padjakate khaki"},"content":{"rendered":"<p>Merinovillast p\u00f5dramustriga kootud padjakate. Suurus 50 x 50 cm.\u00a0Dekoratiivsed n\u00f6\u00f6bid muudavad padjakatte eemaldamise lihtsaks. Saadaval erinevates v\u00e4rvides.<\/p>\n","protected":false},"excerpt":{"rendered":"<ul class=\"list-dash\">\n<li>merinovillast<\/li>\n<li>p\u00f5dramustriga<\/li>\n<li>dekoratiivsed n\u00f6\u00f6bid<\/li>\n<li>saadaval erinevates v\u00e4rvides<\/li>\n<li>50 x 50 cm<\/li>\n<li>100% vill<\/li>\n<\/ul>\n<p><a href=\"https:\/\/vetafashion.com\/et\/product\/merinovillast-podramustriga-kootud-padjakate-khaki\/\" class=\"more-link button\">Loe edasi<\/a><\/p>","protected":false},"featured_media":12345,"comment_status":"open","ping_status":"closed","template":"","meta":{"_acf_changed":false},"product_brand":[],"product_cat":[983,991],"product_tag":[],"class_list":{"0":"post-59608","1":"product","2":"type-product","3":"status-publish","4":"has-post-thumbnail","6":"product_cat-joulud","7":"product_cat-padjapuur","8":"entry","9":"clearfix","11":"first","12":"instock","13":"taxable","14":"shipping-taxable","15":"product-type-simple"},"acf":[],"_links":{"self":[{"href":"https:\/\/vetafashion.com\/et\/wp-json\/wp\/v2\/product\/59608","targetHints":{"allow":["GET"]}}],"collection":[{"href":"https:\/\/vetafashion.com\/et\/wp-json\/wp\/v2\/product"}],"about":[{"href":"https:\/\/vetafashion.com\/et\/wp-json\/wp\/v2\/types\/product"}],"replies":[{"embeddable":true,"href":"https:\/\/vetafashion.com\/et\/wp-json\/wp\/v2\/comments?post=59608"}],"wp:featuredmedia":[{"embeddable":true,"href":"https:\/\/vetafashion.com\/et\/wp-json\/wp\/v2\/media\/12345"}],"wp:attachment":[{"href":"https:\/\/vetafashion.com\/et\/wp-json\/wp\/v2\/media?parent=59608"}],"wp:term":[{"taxonomy":"product_brand","embeddable":true,"href":"https:\/\/vetafashion.com\/et\/wp-json\/wp\/v2\/product_brand?post=59608"},{"taxonomy":"product_cat","embeddable":true,"href":"https:\/\/vetafashion.com\/et\/wp-json\/wp\/v2\/product_cat?post=59608"},{"taxonomy":"product_tag","embeddable":true,"href":"https:\/\/vetafashion.com\/et\/wp-json\/wp\/v2\/product_tag?post=59608"}],"curies":[{"name":"wp","href":"https:\/\/api.w.org\/{rel}","templated":true}]}}