{"id":62674,"date":"2014-07-20T18:14:15","date_gmt":"2014-07-20T15:14:15","guid":{"rendered":"https:\/\/vetafashion.com\/?post_type=product&#038;p=62674"},"modified":"2020-08-06T15:43:10","modified_gmt":"2020-08-06T12:43:10","slug":"sorento-vabalt-langev-mugava-loikega-sark-sinine","status":"publish","type":"product","link":"https:\/\/vetafashion.com\/et\/product\/sorento-vabalt-langev-mugava-loikega-sark-sinine\/","title":{"rendered":"Sorento vabalt langev mugava l\u00f5ikega s\u00e4rk sinine"},"content":{"rendered":"<p>Vabalt langev mugava l\u00f5ikega s\u00e4rk. \u00dcmar krae ja pikad varrukad. N\u00f6\u00f6biga mansetid.Rinnaesisel on peale\u00f5mmeldud tasku.<\/p>\n","protected":false},"excerpt":{"rendered":"<ul class=\"list-dash\">\n<li>pikad varrukad<\/li>\n<li>\u00fcmar krae<\/li>\n<li>rinnaesisel on peale\u00f5mmeldud tasku<\/li>\n<li>mugava l\u00f5ikega s\u00e4rk<\/li>\n<li>saadaval erinevates suurustes<\/li>\n<li>100% lina<\/li>\n<li>modell kannab suurust: M<\/li>\n<\/ul>\n<p><a href=\"https:\/\/vetafashion.com\/et\/product\/sorento-vabalt-langev-mugava-loikega-sark-sinine\/\" class=\"more-link button\">Loe edasi<\/a><\/p>","protected":false},"featured_media":43503,"comment_status":"open","ping_status":"closed","template":"","meta":{"_acf_changed":false},"product_brand":[],"product_cat":[1003],"product_tag":[],"class_list":{"0":"post-62674","1":"product","2":"type-product","3":"status-publish","4":"has-post-thumbnail","6":"product_cat-sargid","7":"entry","8":"clearfix","10":"first","11":"instock","12":"taxable","13":"shipping-taxable","14":"purchasable","15":"product-type-variable","16":"has-default-attributes"},"acf":[],"_links":{"self":[{"href":"https:\/\/vetafashion.com\/et\/wp-json\/wp\/v2\/product\/62674","targetHints":{"allow":["GET"]}}],"collection":[{"href":"https:\/\/vetafashion.com\/et\/wp-json\/wp\/v2\/product"}],"about":[{"href":"https:\/\/vetafashion.com\/et\/wp-json\/wp\/v2\/types\/product"}],"replies":[{"embeddable":true,"href":"https:\/\/vetafashion.com\/et\/wp-json\/wp\/v2\/comments?post=62674"}],"wp:featuredmedia":[{"embeddable":true,"href":"https:\/\/vetafashion.com\/et\/wp-json\/wp\/v2\/media\/43503"}],"wp:attachment":[{"href":"https:\/\/vetafashion.com\/et\/wp-json\/wp\/v2\/media?parent=62674"}],"wp:term":[{"taxonomy":"product_brand","embeddable":true,"href":"https:\/\/vetafashion.com\/et\/wp-json\/wp\/v2\/product_brand?post=62674"},{"taxonomy":"product_cat","embeddable":true,"href":"https:\/\/vetafashion.com\/et\/wp-json\/wp\/v2\/product_cat?post=62674"},{"taxonomy":"product_tag","embeddable":true,"href":"https:\/\/vetafashion.com\/et\/wp-json\/wp\/v2\/product_tag?post=62674"}],"curies":[{"name":"wp","href":"https:\/\/api.w.org\/{rel}","templated":true}]}}