{"id":63510,"date":"2020-08-06T13:02:07","date_gmt":"2020-08-06T10:02:11","guid":{"rendered":"https:\/\/vetafashion.com\/?post_type=product&#038;p=63510"},"modified":"2021-05-05T13:34:40","modified_gmt":"2021-05-05T10:34:40","slug":"linane-kivipestud-padjapuur-valge-sinised-triibud","status":"publish","type":"product","link":"https:\/\/vetafashion.com\/et\/product\/linane-kivipestud-padjapuur-valge-sinised-triibud\/","title":{"rendered":"Linane kivipestud padjap\u00fc\u00fcr valge (sinised triibud)"},"content":{"rendered":"<p>Linane kivipestud padjap\u00fc\u00fcr valge (sinised triibud)<\/p>\n","protected":false},"excerpt":{"rendered":"<ul class=\"list-dash\">\n<li>triibuline<\/li>\n<li>sinine \/ valge<\/li>\n<li>60 x 70 cm<\/li>\n<li>100% lina<\/li>\n<\/ul>\n<p>&nbsp;<\/p>\n<p><a href=\"https:\/\/vetafashion.com\/et\/product\/linane-kivipestud-padjapuur-valge-sinised-triibud\/\" class=\"more-link button\">Loe edasi<\/a><\/p>","protected":false},"featured_media":65502,"comment_status":"open","ping_status":"closed","template":"","meta":{"_acf_changed":false},"product_brand":[],"product_cat":[985,991],"product_tag":[],"class_list":{"0":"post-63510","1":"product","2":"type-product","3":"status-publish","4":"has-post-thumbnail","6":"product_cat-voodipesu","7":"product_cat-padjapuur","8":"entry","9":"clearfix","11":"first","12":"instock","13":"taxable","14":"shipping-taxable","15":"purchasable","16":"product-type-variable","17":"has-default-attributes"},"acf":[],"_links":{"self":[{"href":"https:\/\/vetafashion.com\/et\/wp-json\/wp\/v2\/product\/63510","targetHints":{"allow":["GET"]}}],"collection":[{"href":"https:\/\/vetafashion.com\/et\/wp-json\/wp\/v2\/product"}],"about":[{"href":"https:\/\/vetafashion.com\/et\/wp-json\/wp\/v2\/types\/product"}],"replies":[{"embeddable":true,"href":"https:\/\/vetafashion.com\/et\/wp-json\/wp\/v2\/comments?post=63510"}],"wp:featuredmedia":[{"embeddable":true,"href":"https:\/\/vetafashion.com\/et\/wp-json\/wp\/v2\/media\/65502"}],"wp:attachment":[{"href":"https:\/\/vetafashion.com\/et\/wp-json\/wp\/v2\/media?parent=63510"}],"wp:term":[{"taxonomy":"product_brand","embeddable":true,"href":"https:\/\/vetafashion.com\/et\/wp-json\/wp\/v2\/product_brand?post=63510"},{"taxonomy":"product_cat","embeddable":true,"href":"https:\/\/vetafashion.com\/et\/wp-json\/wp\/v2\/product_cat?post=63510"},{"taxonomy":"product_tag","embeddable":true,"href":"https:\/\/vetafashion.com\/et\/wp-json\/wp\/v2\/product_tag?post=63510"}],"curies":[{"name":"wp","href":"https:\/\/api.w.org\/{rel}","templated":true}]}}