{"id":65855,"date":"2020-09-19T12:28:34","date_gmt":"2020-09-19T09:28:34","guid":{"rendered":"https:\/\/vetafashion.com\/?post_type=product&#038;p=65855"},"modified":"2022-01-30T12:59:35","modified_gmt":"2022-01-30T10:59:35","slug":"kollane-linane-saunaratik","status":"publish","type":"product","link":"https:\/\/vetafashion.com\/et\/product\/kollane-linane-saunaratik\/","title":{"rendered":"Kollane linane saunar\u00e4tik"},"content":{"rendered":"<p>Kollane linane saunar\u00e4tik. Vahvlitr\u00fckk. 100% lina. Suurus 50 x 110 cm, 70 X 120 cm<\/p>\n","protected":false},"excerpt":{"rendered":"<ul class=\"list-dash\">\n<li>Kollane saunar\u00e4tik<\/li>\n<li>Vahvlitr\u00fckk.<\/li>\n<li>50 x 110 cm, 70 X 120 cm<\/li>\n<li>100% lina<\/li>\n<\/ul>\n<p><a href=\"https:\/\/vetafashion.com\/et\/product\/kollane-linane-saunaratik\/\" class=\"more-link button\">Loe edasi<\/a><\/p>","protected":false},"featured_media":65285,"comment_status":"open","ping_status":"closed","template":"","meta":{"_acf_changed":false},"product_brand":[],"product_cat":[1006],"product_tag":[],"class_list":{"0":"post-65855","1":"product","2":"type-product","3":"status-publish","4":"has-post-thumbnail","6":"product_cat-ilma-kategooriata","7":"entry","8":"clearfix","10":"first","11":"instock","12":"taxable","13":"shipping-taxable","14":"purchasable","15":"product-type-variable","16":"has-default-attributes"},"acf":[],"_links":{"self":[{"href":"https:\/\/vetafashion.com\/et\/wp-json\/wp\/v2\/product\/65855","targetHints":{"allow":["GET"]}}],"collection":[{"href":"https:\/\/vetafashion.com\/et\/wp-json\/wp\/v2\/product"}],"about":[{"href":"https:\/\/vetafashion.com\/et\/wp-json\/wp\/v2\/types\/product"}],"replies":[{"embeddable":true,"href":"https:\/\/vetafashion.com\/et\/wp-json\/wp\/v2\/comments?post=65855"}],"wp:featuredmedia":[{"embeddable":true,"href":"https:\/\/vetafashion.com\/et\/wp-json\/wp\/v2\/media\/65285"}],"wp:attachment":[{"href":"https:\/\/vetafashion.com\/et\/wp-json\/wp\/v2\/media?parent=65855"}],"wp:term":[{"taxonomy":"product_brand","embeddable":true,"href":"https:\/\/vetafashion.com\/et\/wp-json\/wp\/v2\/product_brand?post=65855"},{"taxonomy":"product_cat","embeddable":true,"href":"https:\/\/vetafashion.com\/et\/wp-json\/wp\/v2\/product_cat?post=65855"},{"taxonomy":"product_tag","embeddable":true,"href":"https:\/\/vetafashion.com\/et\/wp-json\/wp\/v2\/product_tag?post=65855"}],"curies":[{"name":"wp","href":"https:\/\/api.w.org\/{rel}","templated":true}]}}