{"id":66141,"date":"2018-09-20T13:05:14","date_gmt":"2020-09-20T10:05:14","guid":{"rendered":"https:\/\/vetafashion.com\/?post_type=product&#038;p=66141"},"modified":"2023-12-21T19:19:40","modified_gmt":"2023-12-21T17:19:40","slug":"kassid-mustriga-koogiratik","status":"publish","type":"product","link":"https:\/\/vetafashion.com\/et\/product\/kassid-mustriga-koogiratik\/","title":{"rendered":"&#8220;Kassid&#8221; mustriga k\u00f6\u00f6gir\u00e4tik"},"content":{"rendered":"<p>&#8220;Kassid&#8221; mustriga k\u00f6\u00f6gir\u00e4tik. 50% lina 50% puuvill. Suurus 45 x 65 cm.<\/p>\n","protected":false},"excerpt":{"rendered":"<ul class=\"list-dash\">\n<li>&#8220;Kassid&#8221; mustriga<\/li>\n<li>45 x 65 cm<\/li>\n<li>50% lina 50% puuvill<\/li>\n<\/ul>\n<p><a href=\"https:\/\/vetafashion.com\/et\/product\/kassid-mustriga-koogiratik\/\" class=\"more-link button\">Loe edasi<\/a><\/p>","protected":false},"featured_media":65213,"comment_status":"open","ping_status":"closed","template":"","meta":{"_acf_changed":false},"product_brand":[],"product_cat":[988],"product_tag":[],"class_list":{"0":"post-66141","1":"product","2":"type-product","3":"status-publish","4":"has-post-thumbnail","6":"product_cat-koogiratik","7":"entry","8":"clearfix","10":"first","11":"instock","12":"taxable","13":"shipping-taxable","14":"purchasable","15":"product-type-simple"},"acf":[],"_links":{"self":[{"href":"https:\/\/vetafashion.com\/et\/wp-json\/wp\/v2\/product\/66141","targetHints":{"allow":["GET"]}}],"collection":[{"href":"https:\/\/vetafashion.com\/et\/wp-json\/wp\/v2\/product"}],"about":[{"href":"https:\/\/vetafashion.com\/et\/wp-json\/wp\/v2\/types\/product"}],"replies":[{"embeddable":true,"href":"https:\/\/vetafashion.com\/et\/wp-json\/wp\/v2\/comments?post=66141"}],"wp:featuredmedia":[{"embeddable":true,"href":"https:\/\/vetafashion.com\/et\/wp-json\/wp\/v2\/media\/65213"}],"wp:attachment":[{"href":"https:\/\/vetafashion.com\/et\/wp-json\/wp\/v2\/media?parent=66141"}],"wp:term":[{"taxonomy":"product_brand","embeddable":true,"href":"https:\/\/vetafashion.com\/et\/wp-json\/wp\/v2\/product_brand?post=66141"},{"taxonomy":"product_cat","embeddable":true,"href":"https:\/\/vetafashion.com\/et\/wp-json\/wp\/v2\/product_cat?post=66141"},{"taxonomy":"product_tag","embeddable":true,"href":"https:\/\/vetafashion.com\/et\/wp-json\/wp\/v2\/product_tag?post=66141"}],"curies":[{"name":"wp","href":"https:\/\/api.w.org\/{rel}","templated":true}]}}