{"id":66153,"date":"2018-09-20T13:30:10","date_gmt":"2020-09-20T10:30:10","guid":{"rendered":"https:\/\/vetafashion.com\/?post_type=product&#038;p=66153"},"modified":"2021-12-18T12:59:12","modified_gmt":"2021-12-18T10:59:12","slug":"valge-linane-koogiratik","status":"publish","type":"product","link":"https:\/\/vetafashion.com\/et\/product\/valge-linane-koogiratik\/","title":{"rendered":"Valge linane k\u00f6\u00f6gir\u00e4tik"},"content":{"rendered":"<p>Valge linane k\u00f6\u00f6gir\u00e4tik . 50% lina 50% puuvill Suurus 45 x 60 cm.<\/p>\n","protected":false},"excerpt":{"rendered":"<ul class=\"list-dash\">\n<li>Valge linane k\u00f6\u00f6gir\u00e4tik<\/li>\n<li>45 x 60 cm<\/li>\n<li>50% lina 50% puuvill<\/li>\n<\/ul>\n<p><a href=\"https:\/\/vetafashion.com\/et\/product\/valge-linane-koogiratik\/\" class=\"more-link button\">Loe edasi<\/a><\/p>","protected":false},"featured_media":65231,"comment_status":"open","ping_status":"closed","template":"","meta":{"_acf_changed":false},"product_brand":[],"product_cat":[988],"product_tag":[],"class_list":{"0":"post-66153","1":"product","2":"type-product","3":"status-publish","4":"has-post-thumbnail","6":"product_cat-koogiratik","7":"entry","8":"clearfix","10":"first","11":"instock","12":"taxable","13":"shipping-taxable","14":"purchasable","15":"product-type-simple"},"acf":[],"_links":{"self":[{"href":"https:\/\/vetafashion.com\/et\/wp-json\/wp\/v2\/product\/66153","targetHints":{"allow":["GET"]}}],"collection":[{"href":"https:\/\/vetafashion.com\/et\/wp-json\/wp\/v2\/product"}],"about":[{"href":"https:\/\/vetafashion.com\/et\/wp-json\/wp\/v2\/types\/product"}],"replies":[{"embeddable":true,"href":"https:\/\/vetafashion.com\/et\/wp-json\/wp\/v2\/comments?post=66153"}],"wp:featuredmedia":[{"embeddable":true,"href":"https:\/\/vetafashion.com\/et\/wp-json\/wp\/v2\/media\/65231"}],"wp:attachment":[{"href":"https:\/\/vetafashion.com\/et\/wp-json\/wp\/v2\/media?parent=66153"}],"wp:term":[{"taxonomy":"product_brand","embeddable":true,"href":"https:\/\/vetafashion.com\/et\/wp-json\/wp\/v2\/product_brand?post=66153"},{"taxonomy":"product_cat","embeddable":true,"href":"https:\/\/vetafashion.com\/et\/wp-json\/wp\/v2\/product_cat?post=66153"},{"taxonomy":"product_tag","embeddable":true,"href":"https:\/\/vetafashion.com\/et\/wp-json\/wp\/v2\/product_tag?post=66153"}],"curies":[{"name":"wp","href":"https:\/\/api.w.org\/{rel}","templated":true}]}}