{"id":71554,"date":"2015-03-15T15:44:00","date_gmt":"2020-12-09T16:14:00","guid":{"rendered":"https:\/\/vetafashion.com\/?post_type=product&#038;p=71554"},"modified":"2020-12-09T18:21:11","modified_gmt":"2020-12-09T16:21:11","slug":"zlata-linane-pontso-must-3","status":"publish","type":"product","link":"https:\/\/vetafashion.com\/et\/product\/zlata-linane-pontso-must-3\/","title":{"rendered":"Zlata linane pont\u0161o must"},"content":{"rendered":"<p>Kena suvine linane keep. Klassikaline pitsiline kudumine lisab v\u00e4limusele klassi ja j\u00e4tab sinust v\u00e4ga elegantse mulje. Eksperimenteeri julgelt, kuna selle eseme kandmiseks on palju v\u00f5imalusi. Tehtud Eestis!<\/p>\n","protected":false},"excerpt":{"rendered":"<p>100% lina.\u00a0<\/p>\n<p><a href=\"https:\/\/vetafashion.com\/et\/product\/zlata-linane-pontso-must-3\/\" class=\"more-link button\">Loe edasi<\/a><\/p>","protected":false},"featured_media":71470,"comment_status":"open","ping_status":"closed","template":"","meta":{"_acf_changed":false},"product_brand":[],"product_cat":[977,1010],"product_tag":[],"class_list":{"0":"post-71554","1":"product","2":"type-product","3":"status-publish","4":"has-post-thumbnail","6":"product_cat-naiste","7":"product_cat-pontso","8":"entry","9":"clearfix","11":"first","12":"instock","13":"taxable","14":"shipping-taxable","15":"purchasable","16":"product-type-simple"},"acf":[],"_links":{"self":[{"href":"https:\/\/vetafashion.com\/et\/wp-json\/wp\/v2\/product\/71554","targetHints":{"allow":["GET"]}}],"collection":[{"href":"https:\/\/vetafashion.com\/et\/wp-json\/wp\/v2\/product"}],"about":[{"href":"https:\/\/vetafashion.com\/et\/wp-json\/wp\/v2\/types\/product"}],"replies":[{"embeddable":true,"href":"https:\/\/vetafashion.com\/et\/wp-json\/wp\/v2\/comments?post=71554"}],"wp:featuredmedia":[{"embeddable":true,"href":"https:\/\/vetafashion.com\/et\/wp-json\/wp\/v2\/media\/71470"}],"wp:attachment":[{"href":"https:\/\/vetafashion.com\/et\/wp-json\/wp\/v2\/media?parent=71554"}],"wp:term":[{"taxonomy":"product_brand","embeddable":true,"href":"https:\/\/vetafashion.com\/et\/wp-json\/wp\/v2\/product_brand?post=71554"},{"taxonomy":"product_cat","embeddable":true,"href":"https:\/\/vetafashion.com\/et\/wp-json\/wp\/v2\/product_cat?post=71554"},{"taxonomy":"product_tag","embeddable":true,"href":"https:\/\/vetafashion.com\/et\/wp-json\/wp\/v2\/product_tag?post=71554"}],"curies":[{"name":"wp","href":"https:\/\/api.w.org\/{rel}","templated":true}]}}