{"id":72271,"date":"2020-12-14T18:45:26","date_gmt":"2020-12-14T16:45:26","guid":{"rendered":"https:\/\/vetafashion.com\/?post_type=product&#038;p=72271"},"modified":"2022-01-15T11:47:37","modified_gmt":"2022-01-15T09:47:37","slug":"ruut-sinised-labakindad-villast","status":"publish","type":"product","link":"https:\/\/vetafashion.com\/et\/product\/ruut-sinised-labakindad-villast\/","title":{"rendered":"Ruut sinised labakindad villast"},"content":{"rendered":"<p>Villast kindad mustriga. 50% vill 50% akr\u00fc\u00fcl. \u00dcks suurus, mis sobib nii meestele kui naistele. Saadaval erinevates v\u00e4rvides. Tehtud Eestis.<\/p>\n","protected":false},"excerpt":{"rendered":"<ul class=\"list-dash\">\n<li>v\u00e4ga soe<\/li>\n<li>fliisist voodriga<\/li>\n<li>unisex<\/li>\n<li>saadaval erinevates v\u00e4rvides<\/li>\n<li>\u00fcks suurus<\/li>\n<li>50% vill 50% akr\u00fc\u00fcl<\/li>\n<\/ul>\n<p><a href=\"https:\/\/vetafashion.com\/et\/product\/ruut-sinised-labakindad-villast\/\" class=\"more-link button\">Loe edasi<\/a><\/p>","protected":false},"featured_media":71883,"comment_status":"open","ping_status":"closed","template":"","meta":{"_acf_changed":false},"product_brand":[],"product_cat":[964],"product_tag":[],"class_list":{"0":"post-72271","1":"product","2":"type-product","3":"status-publish","4":"has-post-thumbnail","6":"product_cat-kindad-ja-labakindad","7":"entry","8":"clearfix","10":"first","11":"instock","12":"taxable","13":"shipping-taxable","14":"purchasable","15":"product-type-simple"},"acf":[],"_links":{"self":[{"href":"https:\/\/vetafashion.com\/et\/wp-json\/wp\/v2\/product\/72271","targetHints":{"allow":["GET"]}}],"collection":[{"href":"https:\/\/vetafashion.com\/et\/wp-json\/wp\/v2\/product"}],"about":[{"href":"https:\/\/vetafashion.com\/et\/wp-json\/wp\/v2\/types\/product"}],"replies":[{"embeddable":true,"href":"https:\/\/vetafashion.com\/et\/wp-json\/wp\/v2\/comments?post=72271"}],"wp:featuredmedia":[{"embeddable":true,"href":"https:\/\/vetafashion.com\/et\/wp-json\/wp\/v2\/media\/71883"}],"wp:attachment":[{"href":"https:\/\/vetafashion.com\/et\/wp-json\/wp\/v2\/media?parent=72271"}],"wp:term":[{"taxonomy":"product_brand","embeddable":true,"href":"https:\/\/vetafashion.com\/et\/wp-json\/wp\/v2\/product_brand?post=72271"},{"taxonomy":"product_cat","embeddable":true,"href":"https:\/\/vetafashion.com\/et\/wp-json\/wp\/v2\/product_cat?post=72271"},{"taxonomy":"product_tag","embeddable":true,"href":"https:\/\/vetafashion.com\/et\/wp-json\/wp\/v2\/product_tag?post=72271"}],"curies":[{"name":"wp","href":"https:\/\/api.w.org\/{rel}","templated":true}]}}