{"id":84342,"date":"2022-12-15T14:14:21","date_gmt":"2022-12-15T12:14:23","guid":{"rendered":"https:\/\/vetafashion.com\/?post_type=product&#038;p=84342"},"modified":"2022-12-15T14:24:12","modified_gmt":"2022-12-15T12:24:12","slug":"sanna-linased-paelaga-puksid-hall","status":"publish","type":"product","link":"https:\/\/vetafashion.com\/et\/product\/sanna-linased-paelaga-puksid-hall\/","title":{"rendered":"Sanna linased paelaga p\u00fcksid hall"},"content":{"rendered":"<p>Sanna linased paelaga p\u00fcksid hall. Valmistatud 27% lina 69% viskoosi 4% pol\u00fcamiid. Paelaga. Esitaskud.<\/p>\n<div id=\"gtx-trans\" style=\"position: absolute; left: 782px; top: 40.2px;\">\n<div class=\"gtx-trans-icon\"><\/div>\n<\/div>\n","protected":false},"excerpt":{"rendered":"<ul class=\"list-dash\">\n<li>27% linen 69% viscose 4% polyamide<\/li>\n<li>paelaga<\/li>\n<li>esitaskud<\/li>\n<li>modell kannab suurust: S, 167cm<\/li>\n<\/ul>\n<div id=\"gtx-trans\" style=\"position: absolute; left: 29px; top: 117px;\">\n<div class=\"gtx-trans-icon\"><\/div>\n<\/div>\n<p><a href=\"https:\/\/vetafashion.com\/et\/product\/sanna-linased-paelaga-puksid-hall\/\" class=\"more-link button\">Loe edasi<\/a><\/p>","protected":false},"featured_media":84354,"comment_status":"open","ping_status":"closed","template":"","meta":{"_acf_changed":false},"product_brand":[],"product_cat":[977,1016],"product_tag":[],"class_list":{"0":"post-84342","1":"product","2":"type-product","3":"status-publish","4":"has-post-thumbnail","6":"product_cat-naiste","7":"product_cat-puksid-et","8":"entry","9":"clearfix","11":"first","12":"instock","13":"taxable","14":"shipping-taxable","15":"purchasable","16":"product-type-variable","17":"has-default-attributes"},"acf":[],"_links":{"self":[{"href":"https:\/\/vetafashion.com\/et\/wp-json\/wp\/v2\/product\/84342","targetHints":{"allow":["GET"]}}],"collection":[{"href":"https:\/\/vetafashion.com\/et\/wp-json\/wp\/v2\/product"}],"about":[{"href":"https:\/\/vetafashion.com\/et\/wp-json\/wp\/v2\/types\/product"}],"replies":[{"embeddable":true,"href":"https:\/\/vetafashion.com\/et\/wp-json\/wp\/v2\/comments?post=84342"}],"wp:featuredmedia":[{"embeddable":true,"href":"https:\/\/vetafashion.com\/et\/wp-json\/wp\/v2\/media\/84354"}],"wp:attachment":[{"href":"https:\/\/vetafashion.com\/et\/wp-json\/wp\/v2\/media?parent=84342"}],"wp:term":[{"taxonomy":"product_brand","embeddable":true,"href":"https:\/\/vetafashion.com\/et\/wp-json\/wp\/v2\/product_brand?post=84342"},{"taxonomy":"product_cat","embeddable":true,"href":"https:\/\/vetafashion.com\/et\/wp-json\/wp\/v2\/product_cat?post=84342"},{"taxonomy":"product_tag","embeddable":true,"href":"https:\/\/vetafashion.com\/et\/wp-json\/wp\/v2\/product_tag?post=84342"}],"curies":[{"name":"wp","href":"https:\/\/api.w.org\/{rel}","templated":true}]}}