{"id":85046,"date":"2023-01-18T10:55:32","date_gmt":"2023-01-18T08:55:35","guid":{"rendered":"https:\/\/vetafashion.com\/?post_type=product&#038;p=85046"},"modified":"2023-01-18T11:20:31","modified_gmt":"2023-01-18T09:20:31","slug":"magda-kootud-piparnundi-kleit","status":"publish","type":"product","link":"https:\/\/vetafashion.com\/et\/product\/magda-kootud-piparnundi-kleit\/","title":{"rendered":"Magda kootud piparm\u00fcndi kleit"},"content":{"rendered":"<p>Kootud piparn\u00fcndi l\u00fchikeste varrukatega kleit . 69% viskoos 27% lina 4% akr\u00fc\u00fcl<\/p>\n<div id=\"gtx-trans\" style=\"position: absolute; left: -75px; top: 40.2px;\">\n<div class=\"gtx-trans-icon\"><\/div>\n<\/div>\n","protected":false},"excerpt":{"rendered":"<ul class=\"list-dash\">\n<li>l\u00fchikeste varrukatega<\/li>\n<li>kootud kleit<\/li>\n<li>O-kraega<\/li>\n<li>piparn\u00fcndi v\u00e4rviline<\/li>\n<li>modell kannab suurust: S<\/li>\n<li>2 tasku<\/li>\n<li>69% viskoos 27% lina 4% akr\u00fc\u00fcl<\/li>\n<\/ul>\n<p><a href=\"https:\/\/vetafashion.com\/et\/product\/magda-kootud-piparnundi-kleit\/\" class=\"more-link button\">Loe edasi<\/a><\/p>","protected":false},"featured_media":85060,"comment_status":"closed","ping_status":"closed","template":"","meta":{"_acf_changed":false},"product_brand":[],"product_cat":[977,978],"product_tag":[],"class_list":{"0":"post-85046","1":"product","2":"type-product","3":"status-publish","4":"has-post-thumbnail","6":"product_cat-naiste","7":"product_cat-kleidid","8":"entry","9":"clearfix","11":"first","12":"instock","13":"sale","14":"taxable","15":"shipping-taxable","16":"purchasable","17":"product-type-variable","18":"has-default-attributes"},"acf":[],"_links":{"self":[{"href":"https:\/\/vetafashion.com\/et\/wp-json\/wp\/v2\/product\/85046","targetHints":{"allow":["GET"]}}],"collection":[{"href":"https:\/\/vetafashion.com\/et\/wp-json\/wp\/v2\/product"}],"about":[{"href":"https:\/\/vetafashion.com\/et\/wp-json\/wp\/v2\/types\/product"}],"replies":[{"embeddable":true,"href":"https:\/\/vetafashion.com\/et\/wp-json\/wp\/v2\/comments?post=85046"}],"wp:featuredmedia":[{"embeddable":true,"href":"https:\/\/vetafashion.com\/et\/wp-json\/wp\/v2\/media\/85060"}],"wp:attachment":[{"href":"https:\/\/vetafashion.com\/et\/wp-json\/wp\/v2\/media?parent=85046"}],"wp:term":[{"taxonomy":"product_brand","embeddable":true,"href":"https:\/\/vetafashion.com\/et\/wp-json\/wp\/v2\/product_brand?post=85046"},{"taxonomy":"product_cat","embeddable":true,"href":"https:\/\/vetafashion.com\/et\/wp-json\/wp\/v2\/product_cat?post=85046"},{"taxonomy":"product_tag","embeddable":true,"href":"https:\/\/vetafashion.com\/et\/wp-json\/wp\/v2\/product_tag?post=85046"}],"curies":[{"name":"wp","href":"https:\/\/api.w.org\/{rel}","templated":true}]}}