{"id":95436,"date":"2025-09-18T12:44:55","date_gmt":"2025-09-18T09:44:56","guid":{"rendered":"https:\/\/vetafashion.com\/?post_type=product&#038;p=95436"},"modified":"2025-09-18T12:50:42","modified_gmt":"2025-09-18T09:50:42","slug":"alessia-jakk-meriinovilla-segu-kreemi-varvi","status":"publish","type":"product","link":"https:\/\/vetafashion.com\/et\/product\/alessia-jakk-meriinovilla-segu-kreemi-varvi\/","title":{"rendered":"Alessia jakk meriinovilla segu kreeki v\u00e4rvi"},"content":{"rendered":"<p>Alessia jakk meriinovilla segu kreeki v\u00e4rvi.<\/p>\n","protected":false},"excerpt":{"rendered":"<p>&nbsp;<\/p>\n<ul class=\"list-dash\">\n<li>Kampsun nuppudega<\/li>\n<li>V- kaelesega<\/li>\n<li><span data-sheets-value=\"{&quot;1&quot;:2,&quot;2&quot;:&quot;69%viscose 27%linen 4%pac&quot;}\" data-sheets-userformat=\"{&quot;2&quot;:4675,&quot;3&quot;:{&quot;1&quot;:0},&quot;4&quot;:[null,2,65280],&quot;9&quot;:0,&quot;12&quot;:0,&quot;15&quot;:&quot;Arial&quot;}\">33% meriinovill 11% kid moh\u00e4\u00e4r 36% akr\u00fc\u00fcl 15% pol\u00fcamiid 5% viskoos<\/span><\/li>\n<\/ul>\n<p><a href=\"https:\/\/vetafashion.com\/et\/product\/alessia-jakk-meriinovilla-segu-kreemi-varvi\/\" class=\"more-link button\">Loe edasi<\/a><\/p>","protected":false},"featured_media":95447,"comment_status":"closed","ping_status":"closed","template":"","meta":{"_acf_changed":false},"product_brand":[],"product_cat":[977,1558,1009],"product_tag":[],"class_list":{"0":"post-95436","1":"product","2":"type-product","3":"status-publish","4":"has-post-thumbnail","6":"product_cat-naiste","7":"product_cat-uus-kollektsioon","8":"product_cat-jakid-et","9":"entry","10":"clearfix","12":"first","13":"instock","14":"taxable","15":"shipping-taxable","16":"purchasable","17":"product-type-variable","18":"has-default-attributes"},"acf":[],"_links":{"self":[{"href":"https:\/\/vetafashion.com\/et\/wp-json\/wp\/v2\/product\/95436","targetHints":{"allow":["GET"]}}],"collection":[{"href":"https:\/\/vetafashion.com\/et\/wp-json\/wp\/v2\/product"}],"about":[{"href":"https:\/\/vetafashion.com\/et\/wp-json\/wp\/v2\/types\/product"}],"replies":[{"embeddable":true,"href":"https:\/\/vetafashion.com\/et\/wp-json\/wp\/v2\/comments?post=95436"}],"wp:featuredmedia":[{"embeddable":true,"href":"https:\/\/vetafashion.com\/et\/wp-json\/wp\/v2\/media\/95447"}],"wp:attachment":[{"href":"https:\/\/vetafashion.com\/et\/wp-json\/wp\/v2\/media?parent=95436"}],"wp:term":[{"taxonomy":"product_brand","embeddable":true,"href":"https:\/\/vetafashion.com\/et\/wp-json\/wp\/v2\/product_brand?post=95436"},{"taxonomy":"product_cat","embeddable":true,"href":"https:\/\/vetafashion.com\/et\/wp-json\/wp\/v2\/product_cat?post=95436"},{"taxonomy":"product_tag","embeddable":true,"href":"https:\/\/vetafashion.com\/et\/wp-json\/wp\/v2\/product_tag?post=95436"}],"curies":[{"name":"wp","href":"https:\/\/api.w.org\/{rel}","templated":true}]}}