{"id":95838,"date":"2025-11-26T10:50:38","date_gmt":"2025-11-26T08:50:38","guid":{"rendered":"https:\/\/vetafashion.com\/?post_type=product&#038;p=95838"},"modified":"2025-11-26T11:01:15","modified_gmt":"2025-11-26T09:01:15","slug":"tresse-palmikkoes-muts-erk-lilla","status":"publish","type":"product","link":"https:\/\/vetafashion.com\/et\/product\/tresse-palmikkoes-muts-erk-lilla\/","title":{"rendered":"Tresse palmikkoes m\u00fcts lilla"},"content":{"rendered":"<p>Tresse palmikkoes m\u00fcts lilla<\/p>\n","protected":false},"excerpt":{"rendered":"<ul class=\"list-dash\">\n<li>30% lamba vill 12% alpaka vill\u00a0 11% pol\u00fcamiid 47% akr\u00fc\u00fcl<\/li>\n<li>palmikkoes<\/li>\n<\/ul>\n<p><a href=\"https:\/\/vetafashion.com\/et\/product\/tresse-palmikkoes-muts-erk-lilla\/\" class=\"more-link button\">Loe edasi<\/a><\/p>","protected":false},"featured_media":95841,"comment_status":"closed","ping_status":"closed","template":"","meta":{"_acf_changed":false},"product_brand":[],"product_cat":[966],"product_tag":[],"class_list":{"0":"post-95838","1":"product","2":"type-product","3":"status-publish","4":"has-post-thumbnail","6":"product_cat-mutsid","7":"entry","8":"clearfix","10":"first","11":"instock","12":"taxable","13":"shipping-taxable","14":"purchasable","15":"product-type-simple"},"acf":[],"_links":{"self":[{"href":"https:\/\/vetafashion.com\/et\/wp-json\/wp\/v2\/product\/95838","targetHints":{"allow":["GET"]}}],"collection":[{"href":"https:\/\/vetafashion.com\/et\/wp-json\/wp\/v2\/product"}],"about":[{"href":"https:\/\/vetafashion.com\/et\/wp-json\/wp\/v2\/types\/product"}],"replies":[{"embeddable":true,"href":"https:\/\/vetafashion.com\/et\/wp-json\/wp\/v2\/comments?post=95838"}],"wp:featuredmedia":[{"embeddable":true,"href":"https:\/\/vetafashion.com\/et\/wp-json\/wp\/v2\/media\/95841"}],"wp:attachment":[{"href":"https:\/\/vetafashion.com\/et\/wp-json\/wp\/v2\/media?parent=95838"}],"wp:term":[{"taxonomy":"product_brand","embeddable":true,"href":"https:\/\/vetafashion.com\/et\/wp-json\/wp\/v2\/product_brand?post=95838"},{"taxonomy":"product_cat","embeddable":true,"href":"https:\/\/vetafashion.com\/et\/wp-json\/wp\/v2\/product_cat?post=95838"},{"taxonomy":"product_tag","embeddable":true,"href":"https:\/\/vetafashion.com\/et\/wp-json\/wp\/v2\/product_tag?post=95838"}],"curies":[{"name":"wp","href":"https:\/\/api.w.org\/{rel}","templated":true}]}}